{"id":15777,"date":"2014-05-20T07:51:11","date_gmt":"2014-05-20T07:51:11","guid":{"rendered":"https:\/\/www.electrogrup.es\/home\/"},"modified":"2022-04-26T07:25:53","modified_gmt":"2022-04-26T07:25:53","slug":"home","status":"publish","type":"page","link":"https:\/\/www.electrogrup.es\/ca\/","title":{"rendered":"Inici"},"content":{"rendered":"<div class=\"wpb-content-wrapper\"><p>[vc_row css_animation=&#8221;&#8221; row_type=&#8221;row&#8221; use_row_as_full_screen_section=&#8221;no&#8221; type=&#8221;grid&#8221; angled_section=&#8221;no&#8221; text_align=&#8221;left&#8221; background_image_as_pattern=&#8221;without_pattern&#8221; background_color=&#8221;#ffffff&#8221; padding_top=&#8221;50&#8243; padding_bottom=&#8221;45&#8243; z_index=&#8221;&#8221;][vc_column][vc_row_inner row_type=&#8221;row&#8221; type=&#8221;full_width&#8221; text_align=&#8221;left&#8221; css_animation=&#8221;&#8221; el_class=&#8221;servicioshome&#8221;][vc_column_inner][vc_column_text]<\/p>\n<h1 style=\"text-align: center;\"><strong>GRUPS <span style=\"color: #ff0000;\">ELECTR\u00d2GENS<\/span><\/strong><\/h1>\n<h2 style=\"text-align: center;\"><strong>LLOGUER I TRANSPORT, <span style=\"color: #ff0000;\">VENDA I INSTAL\u00b7LACI\u00d3,<\/span> SERVICI T\u00c8CNIC<\/strong><\/h2>\n<p>[\/vc_column_text][vc_empty_space height=&#8221;40px&#8221;][\/vc_column_inner][vc_column_inner width=&#8221;1\/4&#8243;][vc_column_text]<a title=\"Lloguer de generadors el\u00e8ctrics\" href=\"\/ca\/generadors-electrics\/lloguer-grups-electrogens\/\"><img decoding=\"async\" class=\"alignnone\" style=\"width: 100%;\" title=\"Alquiler de grupos electr\u00f3genos Catalu\u00f1a\" src=\"https:\/\/www.electrogrup.es\/wp-content\/uploads\/2018\/02\/alquiler-grupos-electrogenos-catalunya.jpg\" alt=\"Alquiler de grupos electr\u00f3genos Catalu\u00f1a\" width=\"768\" height=\"510\" \/><\/a>[\/vc_column_text][vc_separator type=&#8221;transparent&#8221; up=&#8221;7&#8243;][vc_column_text]<\/p>\n<p class=\"p2\" style=\"text-align: center;\"><a title=\"Lloguer de generadors el\u00e8ctrics\" href=\"\/ca\/generadors-electrics\/lloguer-grups-electrogens\/\">Lloguer Grups Electr\u00f2gens<\/a><\/p>\n<p>[\/vc_column_text][vc_separator type=&#8221;small&#8221; position=&#8221;center&#8221; up=&#8221;16&#8243; down=&#8221;12&#8243;][vc_column_text]<\/p>\n<p>Amplia y variada flota de <strong>generadors el\u00e8ctrics<\/strong> per lloguer. Li oferim la mijor opci\u00f3 de suministrament energ\u00e8tic temporal amb <strong>grups electrogens<\/strong>.<\/p>\n<p>[\/vc_column_text][vc_empty_space][\/vc_column_inner][vc_column_inner width=&#8221;1\/4&#8243;][vc_column_text]<\/p>\n<p><a title=\"Venda i instal\u00b7laci\u00f3 de generadors el\u00e8ctrics\" href=\"https:\/\/www.electrogrup.es\/ca\/generadors-electrics\/venda-grups-electrogens\/\"><img decoding=\"async\" style=\"width: 100%;\" title=\"Instalaci\u00f3n transporte grupos electr\u00f3genos\" src=\"https:\/\/www.electrogrup.es\/wp-content\/uploads\/2018\/02\/instalacion-transporte-grupos-electrogenos.jpg\" alt=\"Instalaci\u00f3n transporte grupos electr\u00f3genos\" \/><\/a><\/p>\n<p>[\/vc_column_text][vc_separator type=&#8221;transparent&#8221; up=&#8221;7&#8243;][vc_column_text]<\/p>\n<p class=\"p2\" style=\"text-align: center;\"><a title=\"Venda i instal\u00b7laci\u00f3 de generadors el\u00e8ctrics\" href=\"https:\/\/www.electrogrup.es\/ca\/generadors-electrics\/venda-grups-electrogens\/\">Venda i instal\u00b7laci\u00f3 de grups electr\u00f2gens<\/a><\/p>\n<p>[\/vc_column_text][vc_separator type=&#8221;small&#8221; position=&#8221;center&#8221; up=&#8221;16&#8243; down=&#8221;12&#8243;][vc_column_text]<\/p>\n<p>Expliqui\u2019ns el seu projecte, estudiem el seu cas i li proposem el <strong>grup electrogen<\/strong> que millor s\u2019adapti a les seves necessitats. Treballem amb els equips m\u00e9s fiables del mercat.<\/p>\n<p>[\/vc_column_text][vc_empty_space][\/vc_column_inner][vc_column_inner width=&#8221;1\/4&#8243;][vc_column_text]<\/p>\n<p><a title=\"Manteniment de generadors el\u00e8ctrics\" href=\"https:\/\/www.electrogrup.es\/ca\/generadors-electrics\/manteniment-grups-electrogens\/\"><img decoding=\"async\" style=\"width: 100%;\" title=\"Mantenimiento Grupos Electrogenos Tarragona\" src=\"https:\/\/www.electrogrup.es\/wp-content\/uploads\/2018\/02\/mantenimiento-grupos-electrogenos-tarragona.jpg\" alt=\"Mantenimiento Grupos Electrogenos Tarragona\" \/><\/a><\/p>\n<p>[\/vc_column_text][vc_separator type=&#8221;transparent&#8221; up=&#8221;7&#8243;][vc_column_text]<\/p>\n<p class=\"p2\" style=\"text-align: center;\"><a title=\"Manteniment de generadors el\u00e8ctrics\" href=\"https:\/\/www.electrogrup.es\/ca\/generadors-electrics\/manteniment-grups-electrogens\/\">Manteniment de grups electr\u00f2gens<\/a><\/p>\n<p>[\/vc_column_text][vc_separator type=&#8221;small&#8221; position=&#8221;center&#8221; up=&#8221;16&#8243; down=&#8221;12&#8243;][vc_column_text]<\/p>\n<p>Confi\u00ef\u2019ns el manteniment del seu <strong>generador el\u00e8ctric<\/strong>. Li garantim una cura especial de la seva instal\u00b7laci\u00f3 oferint-li el contracte que millor s\u2019adapti a les seves necessitats.<\/p>\n<p>[\/vc_column_text][vc_empty_space][\/vc_column_inner][vc_column_inner width=&#8221;1\/4&#8243;][vc_column_text]<\/p>\n<p><a title=\"Servei t\u00e8cnic de generadors el\u00e8ctrics\" href=\"https:\/\/www.electrogrup.es\/ca\/generadors-electrics\/servei-tecnic-grups-electrogens\/\"><img decoding=\"async\" style=\"width: 100%;\" title=\"Asistencia 24 horas grupos electr\u00f3genos\" src=\"https:\/\/www.electrogrup.es\/wp-content\/uploads\/2018\/02\/asistencia-24-horas-grupos-electrogenos.jpg\" alt=\"Asistencia 24 horas grupos electr\u00f3genos\" \/><\/a><\/p>\n<p>[\/vc_column_text][vc_separator type=&#8221;transparent&#8221; up=&#8221;7&#8243;][vc_column_text]<\/p>\n<p class=\"p2\" style=\"text-align: center;\"><a title=\"Servei t\u00e8cnic de generadors el\u00e8ctrics\" href=\"https:\/\/www.electrogrup.es\/ca\/generadors-electrics\/servei-tecnic-grups-electrogens\/\">S.A.T. 24 H Grups electr\u00f2gens<\/a><\/p>\n<p>[\/vc_column_text][vc_separator type=&#8221;small&#8221; position=&#8221;center&#8221; up=&#8221;16&#8243; down=&#8221;12&#8243;][vc_column_text]<\/p>\n<p><strong>Servei d\u2019Assist\u00e8ncia T\u00e8cnica<\/strong> 24 hores per als nostres clients. Tingueu la tranquil\u00b7litat de treballar amb nosaltres i estar sempre at\u00e8s davant improbables incidents.<\/p>\n<p>[\/vc_column_text][\/vc_column_inner][\/vc_row_inner][\/vc_column][\/vc_row][vc_row css_animation=&#8221;&#8221; row_type=&#8221;row&#8221; use_row_as_full_screen_section=&#8221;no&#8221; type=&#8221;grid&#8221; angled_section=&#8221;no&#8221; text_align=&#8221;left&#8221; background_image=&#8221;16387&#8243; background_image_as_pattern=&#8221;without_pattern&#8221; z_index=&#8221;&#8221;][vc_column][vc_separator type=&#8221;transparent&#8221; up=&#8221;73&#8243; down=&#8221;0&#8243;][vc_column_text]<\/p>\n<h3 class=\"tituloHome\">GRUPS ELECTR\u00d2GENS<\/h3>\n<p class=\"subtituloHome\">Oferim un servei integral i fiable amb generadors el\u00e8ctrics. Lloguer, transport, venda, reparaci\u00f3 i manteniment de grups electr\u00f2gens, sempre amb el valor afegit de l\u2019atenci\u00f3 24 hores.<\/p>\n<p>[\/vc_column_text][vc_separator type=&#8221;transparent&#8221; up=&#8221;73&#8243; down=&#8221;0&#8243;][\/vc_column][\/vc_row][vc_row css_animation=&#8221;&#8221; row_type=&#8221;row&#8221; use_row_as_full_screen_section=&#8221;no&#8221; type=&#8221;grid&#8221; angled_section=&#8221;no&#8221; text_align=&#8221;left&#8221; background_image_as_pattern=&#8221;without_pattern&#8221; background_color=&#8221;#ffffff&#8221; padding_top=&#8221;90&#8243; padding_bottom=&#8221;40&#8243; el_class=&#8221;qode_centered_content&#8221; z_index=&#8221;&#8221;][vc_column width=&#8221;1\/4&#8243; offset=&#8221;vc_col-xs-6&#8243;]<div class='q_icon_with_title medium custom_icon_image center '><div class=\"icon_holder \" style=\"margin: 0 0 0 0; \"><img decoding=\"async\" itemprop=\"image\" style=\"margin: 0 0 0 0;\" src=\"https:\/\/www.electrogrup.es\/wp-content\/uploads\/2018\/04\/grupos-electrogenos-garantia.png\" alt=\"\"><\/div><div class=\"icon_text_holder\" style=\"\"><div class=\"icon_text_inner\" style=\"\"><h3 class=\"icon_title\" style=\"\">GARANTIA I FIABILITAT<\/h3><p style=''><\/p><\/div><\/div><\/div>[vc_empty_space][\/vc_column][vc_column width=&#8221;1\/4&#8243; offset=&#8221;vc_col-xs-6&#8243;]<div class='q_icon_with_title medium custom_icon_image center '><div class=\"icon_holder \" style=\"margin: 0 0 0 0; \"><img decoding=\"async\" itemprop=\"image\" style=\"margin: 0 0 0 0;\" src=\"https:\/\/www.electrogrup.es\/wp-content\/uploads\/2018\/02\/atencion-24-horas-grupos-electrogenos.png\" alt=\"\"><\/div><div class=\"icon_text_holder\" style=\"\"><div class=\"icon_text_inner\" style=\"\"><h3 class=\"icon_title\" style=\"\">ATENCI\u00d3 PERSONALITZADA<\/h3><p style=''><\/p><\/div><\/div><\/div>[vc_empty_space][\/vc_column][vc_column width=&#8221;1\/4&#8243; offset=&#8221;vc_col-xs-6&#8243;]<div class='q_icon_with_title medium custom_icon_image center '><div class=\"icon_holder \" style=\"margin: 0 0 0 0; \"><img decoding=\"async\" itemprop=\"image\" style=\"margin: 0 0 0 0;\" src=\"https:\/\/www.electrogrup.es\/wp-content\/uploads\/2018\/04\/transporte-grupos-electrogenos.png\" alt=\"\"><\/div><div class=\"icon_text_holder\" style=\"\"><div class=\"icon_text_inner\" style=\"\"><h3 class=\"icon_title\" style=\"\">TRANSPORT PROPI<\/h3><p style=''><\/p><\/div><\/div><\/div>[vc_empty_space][\/vc_column][vc_column width=&#8221;1\/4&#8243; offset=&#8221;vc_col-xs-6&#8243;]<div class='q_icon_with_title medium custom_icon_image center '><div class=\"icon_holder \" style=\"margin: 0 0 0 0; \"><img decoding=\"async\" itemprop=\"image\" style=\"margin: 0 0 0 0;\" src=\"https:\/\/www.electrogrup.es\/wp-content\/uploads\/2021\/03\/calidad-medio-ambiente-electrogrup-2021.png\" alt=\"\"><\/div><div class=\"icon_text_holder\" style=\"\"><div class=\"icon_text_inner\" style=\"\"><h3 class=\"icon_title\" style=\"\">QUALITAT I MEDI AMBIENT<\/h3><p style=''><\/p><\/div><\/div><\/div>[\/vc_column][\/vc_row][vc_row css_animation=&#8221;&#8221; row_type=&#8221;row&#8221; use_row_as_full_screen_section=&#8221;no&#8221; type=&#8221;grid&#8221; angled_section=&#8221;no&#8221; text_align=&#8221;center&#8221; background_image_as_pattern=&#8221;without_pattern&#8221; z_index=&#8221;&#8221; el_class=&#8221;fondoRojoNoMovil&#8221;][vc_column offset=&#8221;vc_hidden-sm vc_hidden-xs&#8221;][vc_column_text]<\/p>\n<p class=\"llamadaAccion\"><span style=\"color: #ffffff;\"><strong>Tens alguna pregunta?<\/strong><\/span><\/p>\n<p>[\/vc_column_text][vc_empty_space height=&#8221;20px&#8221;]<a  itemprop=\"url\" href=\"\/ca\/contacte\/\" target=\"_self\" data-hover-background-color=#ffffff data-hover-border-color=#ffffff data-hover-color=#303030 class=\"qbutton  default\" style=\"color: #ffffff; border-color: #303030; background-color: #303030;\">DEMANAR INFORMACI\u00d3<\/a>[\/vc_column][\/vc_row][vc_row css_animation=&#8221;&#8221; row_type=&#8221;row&#8221; use_row_as_full_screen_section=&#8221;no&#8221; type=&#8221;grid&#8221; angled_section=&#8221;no&#8221; text_align=&#8221;left&#8221; background_image_as_pattern=&#8221;without_pattern&#8221; z_index=&#8221;&#8221; el_class=&#8221;espacioArribaNoMovil&#8221;][vc_column][vc_column_text]<\/p>\n<h4 style=\"text-align: center;\">\u00daLTIMES NOT\u00cdCIES SOBRE ELECTROGRUP GRUPS ELECTR\u00d2GENS<\/h4>\n<p>[\/vc_column_text][vc_empty_space height=&#8221;15px&#8221;]<div class='latest_post_holder boxes four_columns one_row'><ul><li class=\"clearfix\"><div class=\"boxes_image\"><a itemprop=\"url\" href=\"https:\/\/www.electrogrup.es\/ca\/1105-kva-amb-grups-electrogens-sincronitzats-en-paral%c2%b7lel\/\"><img decoding=\"async\" width=\"258\" height=\"148\" src=\"https:\/\/www.electrogrup.es\/wp-content\/uploads\/2019\/11\/Foto-13-11-19-19-54-05-258x148.jpg\" class=\"attachment-imagen-blog size-imagen-blog wp-post-image\" alt=\"1105 kVA amb Grups Electr\u00f2gens sincronitzats en paral\u00b7lel\" title=\"1105 kVA amb Grups Electr\u00f2gens sincronitzats en paral\u00b7lel\" srcset=\"https:\/\/www.electrogrup.es\/wp-content\/uploads\/2019\/11\/Foto-13-11-19-19-54-05-258x148.jpg 258w, https:\/\/www.electrogrup.es\/wp-content\/uploads\/2019\/11\/Foto-13-11-19-19-54-05-345x198.jpg 345w\" sizes=\"(max-width: 258px) 100vw, 258px\" \/><\/a><\/div><div class=\"latest_post\"><div class=\"latest_post_text\"><div class=\"latest_post_inner\"><div class=\"latest_post_text_inner\"><h5 itemprop=\"name\" class=\"latest_post_title entry_title\"><a itemprop=\"url\" href=\"https:\/\/www.electrogrup.es\/ca\/1105-kva-amb-grups-electrogens-sincronitzats-en-paral%c2%b7lel\/\">1105 kVA amb Grups Electr\u00f2gens sincronitzats en paral\u00b7lel<\/a><\/h5><p itemprop=\"description\" class=\"excerpt\">Electrogrup realitza instal\u00b7laci\u00f3 de 1105 kva amb 3 grups electr\u00f2gens sincronitzats en paral\u00b7lel. Es tracta d&#8217;una instal\u00b7laci\u00f3 on les c\u00e0rregues s\u00f3n variables durant la durada de la feina, en concret un celler de vi, on durant la verema, en funci\u00f3 de la temperatura, necessitaran m\u00e9s......<\/p><span class=\"post_infos\"><\/span><\/div><\/div><\/div><\/div><li class=\"clearfix\"><div class=\"boxes_image\"><a itemprop=\"url\" href=\"https:\/\/www.electrogrup.es\/ca\/16595\/\"><img decoding=\"async\" width=\"258\" height=\"148\" src=\"https:\/\/www.electrogrup.es\/wp-content\/uploads\/2019\/05\/SP_30ANIV-ELECTROGROUP_0001-258x148.jpg\" class=\"attachment-imagen-blog size-imagen-blog wp-post-image\" alt=\"Cumplim 30 anys\" title=\"Cumplim 30 anys\" srcset=\"https:\/\/www.electrogrup.es\/wp-content\/uploads\/2019\/05\/SP_30ANIV-ELECTROGROUP_0001-258x148.jpg 258w, https:\/\/www.electrogrup.es\/wp-content\/uploads\/2019\/05\/SP_30ANIV-ELECTROGROUP_0001-345x198.jpg 345w\" sizes=\"(max-width: 258px) 100vw, 258px\" \/><\/a><\/div><div class=\"latest_post\"><div class=\"latest_post_text\"><div class=\"latest_post_inner\"><div class=\"latest_post_text_inner\"><h5 itemprop=\"name\" class=\"latest_post_title entry_title\"><a itemprop=\"url\" href=\"https:\/\/www.electrogrup.es\/ca\/16595\/\">Cumplim 30 anys<\/a><\/h5><p itemprop=\"description\" class=\"excerpt\">Aquest any 2019 complim 30 anys al seu servei. Volem agrair a empleats, clients i prove\u00efdors la seva ajuda inestimable, que ha fet possible que durant aquests 30 anys h\u00e0gim evolucionat cap a un model d&#8217;empresa sostenible, compromesa amb la responsabilitat social, qualitat del servei......<\/p><span class=\"post_infos\"><\/span><\/div><\/div><\/div><\/div><li class=\"clearfix\"><div class=\"boxes_image\"><a itemprop=\"url\" href=\"https:\/\/www.electrogrup.es\/ca\/electrogrup-certifica-amb-aenor-sistema-gestio-ambiental-iso-14001\/\"><img decoding=\"async\" width=\"258\" height=\"148\" src=\"https:\/\/www.electrogrup.es\/wp-content\/uploads\/2018\/11\/SIG-ELECTROGRUP-258x148.jpg\" class=\"attachment-imagen-blog size-imagen-blog wp-post-image\" alt=\"Electrogrup certifica amb Aenor Sistema de Gesti\u00f3 Ambiental ISO 14001\" title=\"Electrogrup certifica amb Aenor Sistema de Gesti\u00f3 Ambiental ISO 14001\" srcset=\"https:\/\/www.electrogrup.es\/wp-content\/uploads\/2018\/11\/SIG-ELECTROGRUP-258x148.jpg 258w, https:\/\/www.electrogrup.es\/wp-content\/uploads\/2018\/11\/SIG-ELECTROGRUP-345x198.jpg 345w\" sizes=\"(max-width: 258px) 100vw, 258px\" \/><\/a><\/div><div class=\"latest_post\"><div class=\"latest_post_text\"><div class=\"latest_post_inner\"><div class=\"latest_post_text_inner\"><h5 itemprop=\"name\" class=\"latest_post_title entry_title\"><a itemprop=\"url\" href=\"https:\/\/www.electrogrup.es\/ca\/electrogrup-certifica-amb-aenor-sistema-gestio-ambiental-iso-14001\/\">Electrogrup certifica amb Aenor Sistema de Gesti\u00f3 Ambiental ISO 14001<\/a><\/h5><p itemprop=\"description\" class=\"excerpt\">Un gran esfor\u00e7. Una petita aportaci\u00f3. En electrogrup hem fet un important esfor\u00e7 material i hum\u00e0 per aconseguir la certificaci\u00f3 internacional de la norma UN-EN ISO 14001: 2015 de gesti\u00f3 ambiental, que avala el nostre comprom\u00eds amb el nostre entorn i medi ambient. Efici\u00e8ncia ambiental......<\/p><span class=\"post_infos\"><\/span><\/div><\/div><\/div><\/div><li class=\"clearfix\"><div class=\"boxes_image\"><a itemprop=\"url\" href=\"https:\/\/www.electrogrup.es\/ca\/2000-kva-grupos-electrogenos-sincronizados-paralelo\/\"><img decoding=\"async\" width=\"258\" height=\"148\" src=\"https:\/\/www.electrogrup.es\/wp-content\/uploads\/2018\/05\/2-x-1000-kVA-sincro-258x148.jpg\" class=\"attachment-imagen-blog size-imagen-blog wp-post-image\" alt=\"2000 kVA amb Grups Electr\u00f3gens Sincronitzats en Paralel\" title=\"2000 kVA amb Grups Electr\u00f3gens Sincronitzats en Paralel\" srcset=\"https:\/\/www.electrogrup.es\/wp-content\/uploads\/2018\/05\/2-x-1000-kVA-sincro-258x148.jpg 258w, https:\/\/www.electrogrup.es\/wp-content\/uploads\/2018\/05\/2-x-1000-kVA-sincro-345x198.jpg 345w\" sizes=\"(max-width: 258px) 100vw, 258px\" \/><\/a><\/div><div class=\"latest_post\"><div class=\"latest_post_text\"><div class=\"latest_post_inner\"><div class=\"latest_post_text_inner\"><h5 itemprop=\"name\" class=\"latest_post_title entry_title\"><a itemprop=\"url\" href=\"https:\/\/www.electrogrup.es\/ca\/2000-kva-grupos-electrogenos-sincronizados-paralelo\/\">2000 kVA amb Grups Electr\u00f3gens Sincronitzats en Paralel<\/a><\/h5><p itemprop=\"description\" class=\"excerpt\">Com \u00e9s habitual en electrogrup, realitzem proves amb els nostres grups electr\u00f2gens de flota de lloguer cont\u00ednuament, assegurant aix\u00ed que els nostres clients reben els nostres generadors el\u00e8ctrics en perfecte estat de funcionament. En aquest cas hem instal\u00b7lat dos grups electr\u00f2gens de 1000 kVA, sincronitzats......<\/p><span class=\"post_infos\"><\/span><\/div><\/div><\/div><\/div><\/ul><\/div>[vc_separator type=&#8221;transparent&#8221; up=&#8221;45&#8243; down=&#8221;0&#8243;][\/vc_column][\/vc_row]<\/p>\n<\/div>","protected":false},"excerpt":{"rendered":"<p>[vc_row css_animation=&#8221;&#8221; row_type=&#8221;row&#8221; use_row_as_full_screen_section=&#8221;no&#8221; type=&#8221;grid&#8221; angled_section=&#8221;no&#8221; text_align=&#8221;left&#8221; background_image_as_pattern=&#8221;without_pattern&#8221; background_color=&#8221;#ffffff&#8221; padding_top=&#8221;50&#8243; padding_bottom=&#8221;45&#8243; z_index=&#8221;&#8221;][vc_column][vc_row_inner row_type=&#8221;row&#8221; type=&#8221;full_width&#8221; text_align=&#8221;left&#8221; css_animation=&#8221;&#8221; el_class=&#8221;servicioshome&#8221;][vc_column_inner][vc_column_text] GRUPS ELECTR\u00d2GENS LLOGUER I TRANSPORT, VENDA I INSTAL\u00b7LACI\u00d3, SERVICI T\u00c8CNIC [\/vc_column_text][vc_empty_space height=&#8221;40px&#8221;][\/vc_column_inner][vc_column_inner width=&#8221;1\/4&#8243;][vc_column_text][\/vc_column_text][vc_separator type=&#8221;transparent&#8221; up=&#8221;7&#8243;][vc_column_text] Lloguer Grups Electr\u00f2gens [\/vc_column_text][vc_separator type=&#8221;small&#8221; position=&#8221;center&#8221; up=&#8221;16&#8243; down=&#8221;12&#8243;][vc_column_text] Amplia y variada flota de&#8230;<\/p>\n","protected":false},"author":2,"featured_media":0,"parent":0,"menu_order":0,"comment_status":"closed","ping_status":"closed","template":"full_width.php","meta":{"footnotes":""},"class_list":["post-15777","page","type-page","status-publish","hentry"],"_links":{"self":[{"href":"https:\/\/www.electrogrup.es\/ca\/wp-json\/wp\/v2\/pages\/15777","targetHints":{"allow":["GET"]}}],"collection":[{"href":"https:\/\/www.electrogrup.es\/ca\/wp-json\/wp\/v2\/pages"}],"about":[{"href":"https:\/\/www.electrogrup.es\/ca\/wp-json\/wp\/v2\/types\/page"}],"author":[{"embeddable":true,"href":"https:\/\/www.electrogrup.es\/ca\/wp-json\/wp\/v2\/users\/2"}],"replies":[{"embeddable":true,"href":"https:\/\/www.electrogrup.es\/ca\/wp-json\/wp\/v2\/comments?post=15777"}],"version-history":[{"count":31,"href":"https:\/\/www.electrogrup.es\/ca\/wp-json\/wp\/v2\/pages\/15777\/revisions"}],"predecessor-version":[{"id":18320,"href":"https:\/\/www.electrogrup.es\/ca\/wp-json\/wp\/v2\/pages\/15777\/revisions\/18320"}],"wp:attachment":[{"href":"https:\/\/www.electrogrup.es\/ca\/wp-json\/wp\/v2\/media?parent=15777"}],"curies":[{"name":"wp","href":"https:\/\/api.w.org\/{rel}","templated":true}]}}