{"id":15780,"date":"2013-10-16T12:05:38","date_gmt":"2013-10-16T12:05:38","guid":{"rendered":"https:\/\/www.electrogrup.es\/contacto\/"},"modified":"2023-09-07T10:51:25","modified_gmt":"2023-09-07T10:51:25","slug":"contacte","status":"publish","type":"page","link":"https:\/\/www.electrogrup.es\/ca\/contacte\/","title":{"rendered":"Contacte"},"content":{"rendered":"<div class=\"wpb-content-wrapper\"><p>[vc_row css_animation=&#8221;&#8221; row_type=&#8221;row&#8221; use_row_as_full_screen_section=&#8221;no&#8221; type=&#8221;grid&#8221; angled_section=&#8221;no&#8221; text_align=&#8221;left&#8221; background_image_as_pattern=&#8221;without_pattern&#8221; padding_top=&#8221;60&#8243; padding_bottom=&#8221;35&#8243; z_index=&#8221;&#8221;][vc_column width=&#8221;2\/3&#8243; el_class=&#8221;bloqueContacto margenIzquierdo&#8221;][vc_column_text]<\/p>\n<h1 class=\"tituloselectrogrup\" style=\"text-align: center;\">CONTACTA AMB<br \/>\nELECTROGRUP GRUPS ELECTR\u00d2GENS<\/h1>\n<p>[\/vc_column_text][vc_empty_space]\n<div class=\"wpcf7 no-js\" id=\"wpcf7-f23612-o1\" lang=\"es-ES\" dir=\"ltr\" data-wpcf7-id=\"23612\">\n<div class=\"screen-reader-response\"><p role=\"status\" aria-live=\"polite\" aria-atomic=\"true\"><\/p> <ul><\/ul><\/div>\n<form action=\"\/ca\/wp-json\/wp\/v2\/pages\/15780#wpcf7-f23612-o1\" method=\"post\" class=\"wpcf7-form init cf7_custom_style_1\" aria-label=\"Formulario de contacto\" novalidate=\"novalidate\" data-status=\"init\">\n<fieldset class=\"hidden-fields-container\"><input type=\"hidden\" name=\"_wpcf7\" value=\"23612\" \/><input type=\"hidden\" name=\"_wpcf7_version\" value=\"6.1.5\" \/><input type=\"hidden\" name=\"_wpcf7_locale\" value=\"es_ES\" \/><input type=\"hidden\" name=\"_wpcf7_unit_tag\" value=\"wpcf7-f23612-o1\" \/><input type=\"hidden\" name=\"_wpcf7_container_post\" value=\"0\" \/><input type=\"hidden\" name=\"_wpcf7_posted_data_hash\" value=\"\" \/><input type=\"hidden\" name=\"_wpcf7_recaptcha_response\" value=\"\" \/>\n<\/fieldset>\n<div id=\"responsive-form\" class=\"clearfix\">\n \t<div class=\"form-row\">\n\t\t<div class=\"three-columns\">Nom* <span class=\"wpcf7-form-control-wrap\" data-name=\"nombre\"><input size=\"40\" maxlength=\"400\" class=\"wpcf7-form-control wpcf7-text wpcf7-validates-as-required\" aria-required=\"true\" aria-invalid=\"false\" value=\"\" type=\"text\" name=\"nombre\" \/><\/span><\/div>\n\t\t<div class=\"three-columns\">Cognom* <span class=\"wpcf7-form-control-wrap\" data-name=\"apellidos\"><input size=\"40\" maxlength=\"400\" class=\"wpcf7-form-control wpcf7-text wpcf7-validates-as-required\" aria-required=\"true\" aria-invalid=\"false\" value=\"\" type=\"text\" name=\"apellidos\" \/><\/span><\/div>\n\t\t<div class=\"three-columns\">Empresa <span class=\"wpcf7-form-control-wrap\" data-name=\"empresa\"><input size=\"40\" maxlength=\"400\" class=\"wpcf7-form-control wpcf7-text\" aria-invalid=\"false\" value=\"\" type=\"text\" name=\"empresa\" \/><\/span><\/div>\n\t<\/div>\n\t<span class=\"wpcf7-form-control-wrap\" data-name=\"camapanya\"><input size=\"40\" maxlength=\"400\" class=\"wpcf7-form-control wpcf7-text wpcf7-validates-as-required campo_campana\" aria-required=\"true\" aria-invalid=\"false\" value=\"\" type=\"text\" name=\"camapanya\" \/><\/span>\n\t<div class=\"form-row\">\n\t\t<div class=\"three-columns\">Tel\u00e8fon* <span class=\"wpcf7-form-control-wrap\" data-name=\"your-phone\"><input size=\"40\" maxlength=\"400\" class=\"wpcf7-form-control wpcf7-text wpcf7-validates-as-required\" aria-required=\"true\" aria-invalid=\"false\" value=\"\" type=\"text\" name=\"your-phone\" \/><\/span><\/div>\n\t\t<div class=\"three-columns\">Email* <span class=\"wpcf7-form-control-wrap\" data-name=\"your-email\"><input size=\"40\" maxlength=\"400\" class=\"wpcf7-form-control wpcf7-email wpcf7-validates-as-required wpcf7-text wpcf7-validates-as-email\" aria-required=\"true\" aria-invalid=\"false\" value=\"\" type=\"email\" name=\"your-email\" \/><\/span><\/div>\n\t\t<div class=\"three-columns\">Servei* <span class=\"wpcf7-form-control-wrap\" data-name=\"servicios\"><select class=\"wpcf7-form-control wpcf7-select wpcf7-validates-as-required\" aria-required=\"true\" aria-invalid=\"false\" name=\"servicios\"><option value=\"Lloguer\">Lloguer<\/option><option value=\"Venda\">Venda<\/option><option value=\"Manteniment i reparacions\">Manteniment i reparacions<\/option><\/select><\/span><\/div>\n\t<\/div>\n\n\t<div class=\"form-row\">\n\t\t<div class=\"one-column\">Missatge*  <span class=\"wpcf7-form-control-wrap\" data-name=\"your-message\"><textarea cols=\"40\" rows=\"10\" maxlength=\"2000\" class=\"wpcf7-form-control wpcf7-textarea\" aria-invalid=\"false\" name=\"your-message\"><\/textarea><\/span><\/div>\n\t<\/div>\n \n\t<div class=\"form-row\">\n                <span class=\"wpcf7-form-control-wrap\" data-name=\"acceptance-831\"><span class=\"wpcf7-form-control wpcf7-acceptance\"><span class=\"wpcf7-list-item\"><label><input type=\"checkbox\" name=\"acceptance-831\" value=\"1\" aria-invalid=\"false\" \/><span class=\"wpcf7-list-item-label\">He llegit i accepte la <a href=\"\/politica-de-privacidad\">pol\u00edtica de privacitat<\/a>.<\/span><\/label><\/span><\/span><\/span>\n\t\t<div class=\"one-column\"><input class=\"wpcf7-form-control wpcf7-submit has-spinner\" type=\"submit\" value=\"Enviar\" \/><\/div>\n\t<\/div>\n<\/div><div class=\"wpcf7-response-output\" aria-hidden=\"true\"><\/div>\n<\/form>\n<\/div>\n[\/vc_column][vc_column width=&#8221;1\/3&#8243; el_class=&#8221;margenDerecho&#8221;][vc_row_inner row_type=&#8221;row&#8221; type=&#8221;full_width&#8221; text_align=&#8221;left&#8221; css_animation=&#8221;&#8221;][vc_column_inner el_class=&#8221;bloqueContactoLado&#8221;][vc_column_text]<\/p>\n<h4 style=\"text-align: center;\">LES NOSTRES<br \/>\nDELEGACIONS<\/h4>\n<p>[\/vc_column_text][vc_empty_space]<div class='google_map_shortcode_holder' style='height:320px;'><div class='qode_google_map' style='height:320px;' id='map_canvas_31138' data-addresses='[\"Electrogrup Grupos Electr\u00f3genos, Cami L&#039;Alcora, s\/n - Pol. Ind. Pla de Museros, 12550 Almassora, Castell\u00f3n\",\"Electrogrup Grupos Electr\u00f3genos, Pol\u00edgon Industrial Francol\u00ed Parcel\u00b7la 15 Baix 2 43006 Tarragona\",\"Electrogrup Grupos Electr\u00f3genos, Cam\u00ed del Port, 143. Pol. Ind, 46470 Catarroja, Valencia\"]' data-custom-map-style='false' data-color-overlay='#393939' data-saturation='-100' data-lightness='-60' data-zoom='6' data-pin='https:\/\/www.electrogrup.es\/wp-content\/uploads\/2018\/02\/pin.png' data-unique-id='31138' data-google-maps-scroll-wheel='false' data-snazzy-map-style='no' data-map-height='320'><\/div><div class='google_map_shortcode_overlay'><\/div><\/div>[\/vc_column_inner][\/vc_row_inner][vc_empty_space height=&#8221;20px&#8221;][vc_row_inner row_type=&#8221;row&#8221; type=&#8221;full_width&#8221; text_align=&#8221;left&#8221; css_animation=&#8221;&#8221;][vc_column_inner el_class=&#8221;bloqueContactoLadoDelegaciones&#8221;][vc_raw_html]JTNDYSUyMGhyZWYlM0QlMjJ0ZWwlM0E5NjMxMjAzMTQlMjIlMjBjbGFzcyUzRCUyMmJsb3F1ZWRlbGVnYWNpb24lMjIlM0UlMEElMDklMDklM0NzcGFuJTIwY2xhc3MlM0QlMjJkZWxlZ2FjaW9uJTIyJTNFVmFsZW5jaWElM0MlMkZzcGFuJTNFJTBBJTA5JTA5JTNDc3BhbiUyMGNsYXNzJTNEJTIydGVsZWZvbm8lMjIlM0U5NiUyMDMxMiUyMDAzJTIwMTQlM0MlMkZzcGFuJTNFJTBBJTA5JTNDJTJGYSUzRSUwQSUwOSUzQ2ElMjBocmVmJTNEJTIydGVsJTNBOTY0MjAxMDIwJTIyJTIwY2xhc3MlM0QlMjJibG9xdWVkZWxlZ2FjaW9uJTIyJTNFJTBBJTA5JTA5JTNDc3BhbiUyMGNsYXNzJTNEJTIyZGVsZWdhY2lvbiUyMiUzRUNhc3RlbGwlQzMlQjMlM0MlMkZzcGFuJTNFJTBBJTA5JTA5JTNDc3BhbiUyMGNsYXNzJTNEJTIydGVsZWZvbm8lMjIlM0U5NjQlMjAyMCUyMDEwJTIwMjAlM0MlMkZzcGFuJTNFJTBBJTA5JTNDJTJGYSUzRSUwQSUwOSUzQ2ElMjBocmVmJTNEJTIydGVsJTNBOTc3MzkwNTQ2JTIyJTIwY2xhc3MlM0QlMjJibG9xdWVkZWxlZ2FjaW9uJTIyJTNFJTBBJTA5JTA5JTNDc3BhbiUyMGNsYXNzJTNEJTIyZGVsZWdhY2lvbiUyMiUzRUNhdGFsdW55YSUzQyUyRnNwYW4lM0UlMEElMDklMDklM0NzcGFuJTIwY2xhc3MlM0QlMjJ0ZWxlZm9ubyUyMiUzRTk3NyUyMDM5JTIwMDUlMjA0NiUzQyUyRnNwYW4lM0UlMEElMDklM0MlMkZhJTNFJTBBJTNDYSUyMGhyZWYlM0QlMjJ0ZWwlM0E2MDU4NDc4MzUlMjIlMjBjbGFzcyUzRCUyMmJsb3F1ZWRlbGVnYWNpb24lMjIlM0UlMEElMDklMDklM0NzcGFuJTIwY2xhc3MlM0QlMjJkZWxlZ2FjaW9uJTIyJTNFU0FUMjRILiUyMENMSUVOVFMlM0MlMkZzcGFuJTNFJTBBJTA5JTA5JTNDc3BhbiUyMGNsYXNzJTNEJTIydGVsZWZvbm8lMjIlM0U2MDUlMjA4NDclMjA4MzUlM0MlMkZzcGFuJTNFJTBBJTA5JTNDJTJGYSUzRQ==[\/vc_raw_html][\/vc_column_inner][\/vc_row_inner][\/vc_column][\/vc_row][vc_row css_animation=&#8221;&#8221; row_type=&#8221;row&#8221; use_row_as_full_screen_section=&#8221;no&#8221; type=&#8221;grid&#8221; angled_section=&#8221;no&#8221; text_align=&#8221;left&#8221; background_image_as_pattern=&#8221;without_pattern&#8221; css=&#8221;.vc_custom_1616068588163{padding-top: 50px !important;padding-bottom: 50px !important;}&#8221; z_index=&#8221;&#8221;][vc_column][vc_raw_html]JTNDcCUyMGNsYXNzJTNEJTIycDMlMjIlMjBzdHlsZSUzRCUyMmZvbnQtc2l6ZSUzQTMwcHglM0IlMjIlM0UlM0NzcGFuJTIwc3R5bGUlM0QlMjJjb2xvciUzQSUyMCUyM2RkMzMzMyUzQiUyMiUzRURFTEVHQUNJJUMzJTkzJTIwVkFMRU5DSUElM0MlMkZzcGFuJTNFJTNDJTJGcCUzRSUwQSUzQ2RpdiUyMGNsYXNzJTNEJTIyb2ZpY2luYSUyMiUzRSUwQSUzQ3NwYW4lMjBjbGFzcyUzRCUyMm5vbWJyZSUyMiUzRUVsZWN0cm9ncnVwJTIwVmFsZW5jaWElM0MlMkZzcGFuJTNFJTBBJTNDc3BhbiUyMGNsYXNzJTNEJTIyZGlyZWNjaW9uJTIyJTNFQ2FtJUMzJUFEJTIwZGVsJTIwUG9ydCUyQyUyMDE0MyUyQyUyMFBvbC4lMjBJbmQuJTIwQ2F0YXJyb2phJTJDJTIwNDY0NzAlMjBDYXRhcnJvamElM0MlMkZzcGFuJTNFJTBBJTNDc3BhbiUyMGNsYXNzJTNEJTIydGVsZWZvbm8lMjIlM0UlM0NhJTIwaHJlZiUzRCUyMnRlbCUzQTk2MzEyMDMxNCUyMiUzRSUzQ2klMjBjbGFzcyUzRCUyMmZhJTIwZmEtcGhvbmUlMjIlM0UlM0MlMkZpJTNFJTIwOTYlMjAzMTIlMjAwMyUyMDE0JTNDJTJGYSUzRSUzQyUyRnNwYW4lM0UlMEElM0NzcGFuJTIwY2xhc3MlM0QlMjJtYXBhJTIyJTNFJTNDYSUyMGhyZWYlM0QlMjJodHRwcyUzQSUyRiUyRmdvby5nbCUyRm1hcHMlMkZzenNKV3Q0SmFObnR5QW54NiUyMiUyMHRhcmdldCUzRCUyMl9ibGFuayUyMiUyMHJlbCUzRCUyMm5vb3BlbmVyJTIwbm9yZWZlcnJlciUyMiUzRSUzQ2klMjBjbGFzcyUzRCUyMmZhJTIwZmEtbWFwLW1hcmtlciUyMiUzRSUzQyUyRmklM0UlMjBMb2NhbGl0emFyJTIwYWwlMjBtYXBhJTNDJTJGYSUzRSUzQyUyRnNwYW4lM0UlMEElM0MlMkZkaXYlM0U=[\/vc_raw_html][vc_empty_space height=&#8221;50px&#8221;][vc_raw_html]JTNDcCUyMGNsYXNzJTNEJTIycDMlMjIlMjBzdHlsZSUzRCUyMmZvbnQtc2l6ZSUzQTMwcHglM0IlMjIlM0UlM0NzcGFuJTIwc3R5bGUlM0QlMjJjb2xvciUzQSUyMCUyM2RkMzMzMyUzQiUyMiUzRURFTEVHQUNJJUMzJTkzJTIwQ0FTVEVMTCVDMyU5MyUzQyUyRnNwYW4lM0UlM0MlMkZwJTNFJTBBJTNDZGl2JTIwY2xhc3MlM0QlMjJvZmljaW5hJTIyJTNFJTBBJTNDc3BhbiUyMGNsYXNzJTNEJTIybm9tYnJlJTIyJTNFRWxlY3Ryb2dydXAlMjBDYXN0ZWxsJUMzJUIzJTNDJTJGc3BhbiUzRSUwQSUzQ3NwYW4lMjBjbGFzcyUzRCUyMmRpcmVjY2lvbiUyMiUzRUNhbSVDMyVBRCUyMGwlQzIlQjRBbGNvcmElMkMlMjBzJTJGbi4lMjBQb2wuJTIwSW5kLiUyMFBsYSUyMGRlJTIwTXVzZXJvcyUyMDEyNTUwJTIwQWxtYXNzb3JhJTJDJTIwQ2FzdGVsbCVDMyVCMyUzQyUyRnNwYW4lM0UlMEElM0NzcGFuJTIwY2xhc3MlM0QlMjJ0ZWxlZm9ubyUyMiUzRSUzQ2ElMjBocmVmJTNEJTIydGVsJTNBOTY0MjAxMDIwJTIyJTNFJTNDaSUyMGNsYXNzJTNEJTIyZmElMjBmYS1waG9uZSUyMiUzRSUzQyUyRmklM0UlMjA5NjQlMjAyMCUyMDEwJTIwMjAlM0MlMkZhJTNFJTNDJTJGc3BhbiUzRSUwQSUzQ3NwYW4lMjBjbGFzcyUzRCUyMm1hcGElMjIlM0UlM0NhJTIwaHJlZiUzRCUyMmh0dHBzJTNBJTJGJTJGZ29vLmdsJTJGbWFwcyUyRlhpVTloOXhjMWhQYXNFRW43JTIyJTIwdGFyZ2V0JTNEJTIyX2JsYW5rJTIyJTIwcmVsJTNEJTIybm9vcGVuZXIlMjBub3JlZmVycmVyJTIyJTNFJTNDaSUyMGNsYXNzJTNEJTIyZmElMjBmYS1tYXAtbWFya2VyJTIyJTNFJTNDJTJGaSUzRSUyMExvY2FsaXR6YXIlMjBhbCUyMG1hcGElM0MlMkZhJTNFJTNDJTJGc3BhbiUzRSUwQSUzQyUyRmRpdiUzRQ==[\/vc_raw_html][vc_empty_space height=&#8221;50px&#8221;][vc_raw_html]JTNDcCUyMGNsYXNzJTNEJTIycDMlMjIlMjBzdHlsZSUzRCUyMmZvbnQtc2l6ZSUzQTMwcHglM0IlMjIlM0UlM0NzcGFuJTIwc3R5bGUlM0QlMjJjb2xvciUzQSUyMCUyM2RkMzMzMyUzQiUyMiUzRURFTEVHQUNJJUMzJTkzJTIwQ0FUQUxVTllBJTNDJTJGc3BhbiUzRSUzQyUyRnAlM0UlMEElM0NkaXYlMjBjbGFzcyUzRCUyMm9maWNpbmElMjIlM0UlMEElM0NzcGFuJTIwY2xhc3MlM0QlMjJub21icmUlMjIlM0VFbGVjdHJvZ3J1cCUyMENhdGFsdW55YSUzQyUyRnNwYW4lM0UlMEElM0NzcGFuJTIwY2xhc3MlM0QlMjJkaXJlY2Npb24lMjIlM0VQb2wlQzMlQURnb24lMjBJbmR1c3RyaWFsJTIwRnJhbmNvbCVDMyVBRCUyMFBhcmNlbCVDMiVCN2xhJTIwMTUlMjBCYWl4JTIwMiUyMDQzMDA2JTIwVGFycmFnb25hJTNDJTJGc3BhbiUzRSUwQSUzQ3NwYW4lMjBjbGFzcyUzRCUyMnRlbGVmb25vJTIyJTNFJTNDYSUyMGhyZWYlM0QlMjJ0ZWwlM0E5NzczOTA1NDYlMjIlM0UlM0NpJTIwY2xhc3MlM0QlMjJmYSUyMGZhLXBob25lJTIyJTNFJTNDJTJGaSUzRSUyMDk3NyUyMDM5JTIwMDUlMjA0NiUzQyUyRmElM0UlM0MlMkZzcGFuJTNFJTBBJTNDc3BhbiUyMGNsYXNzJTNEJTIybWFwYSUyMiUzRSUzQ2ElMjBocmVmJTNEJTIyaHR0cHMlM0ElMkYlMkZnb28uZ2wlMkZtYXBzJTJGZGhyTGZEVVFyOUtVczJYbzglMjIlMjB0YXJnZXQlM0QlMjJfYmxhbmslMjIlMjByZWwlM0QlMjJub29wZW5lciUyMG5vcmVmZXJyZXIlMjIlM0UlM0NpJTIwY2xhc3MlM0QlMjJmYSUyMGZhLW1hcC1tYXJrZXIlMjIlM0UlM0MlMkZpJTNFJTIwTG9jYWxpdHphciUyMGFsJTIwbWFwYSUzQyUyRmElM0UlM0MlMkZzcGFuJTNFJTBBJTNDJTJGZGl2JTNF[\/vc_raw_html][\/vc_column][\/vc_row]<\/p>\n<\/div>","protected":false},"excerpt":{"rendered":"<p>[vc_row css_animation=&#8221;&#8221; row_type=&#8221;row&#8221; use_row_as_full_screen_section=&#8221;no&#8221; type=&#8221;grid&#8221; angled_section=&#8221;no&#8221; text_align=&#8221;left&#8221; background_image_as_pattern=&#8221;without_pattern&#8221; padding_top=&#8221;60&#8243; padding_bottom=&#8221;35&#8243; z_index=&#8221;&#8221;][vc_column width=&#8221;2\/3&#8243; el_class=&#8221;bloqueContacto margenIzquierdo&#8221;][vc_column_text] CONTACTA AMB ELECTROGRUP GRUPS ELECTR\u00d2GENS [\/vc_column_text][vc_empty_space][\/vc_column][vc_column width=&#8221;1\/3&#8243; el_class=&#8221;margenDerecho&#8221;][vc_row_inner row_type=&#8221;row&#8221; type=&#8221;full_width&#8221; text_align=&#8221;left&#8221; css_animation=&#8221;&#8221;][vc_column_inner el_class=&#8221;bloqueContactoLado&#8221;][vc_column_text] LES NOSTRES DELEGACIONS [\/vc_column_text][vc_empty_space][\/vc_column_inner][\/vc_row_inner][vc_empty_space height=&#8221;20px&#8221;][vc_row_inner row_type=&#8221;row&#8221; type=&#8221;full_width&#8221; text_align=&#8221;left&#8221; css_animation=&#8221;&#8221;][vc_column_inner el_class=&#8221;bloqueContactoLadoDelegaciones&#8221;][vc_raw_html]JTNDYSUyMGhyZWYlM0QlMjJ0ZWwlM0E5NjMxMjAzMTQlMjIlMjBjbGFzcyUzRCUyMmJsb3F1ZWRlbGVnYWNpb24lMjIlM0UlMEElMDklMDklM0NzcGFuJTIwY2xhc3MlM0QlMjJkZWxlZ2FjaW9uJTIyJTNFVmFsZW5jaWElM0MlMkZzcGFuJTNFJTBBJTA5JTA5JTNDc3BhbiUyMGNsYXNzJTNEJTIydGVsZWZvbm8lMjIlM0U5NiUyMDMxMiUyMDAzJTIwMTQlM0MlMkZzcGFuJTNFJTBBJTA5JTNDJTJGYSUzRSUwQSUwOSUzQ2ElMjBocmVmJTNEJTIydGVsJTNBOTY0MjAxMDIwJTIyJTIwY2xhc3MlM0QlMjJibG9xdWVkZWxlZ2FjaW9uJTIyJTNFJTBBJTA5JTA5JTNDc3BhbiUyMGNsYXNzJTNEJTIyZGVsZWdhY2lvbiUyMiUzRUNhc3RlbGwlQzMlQjMlM0MlMkZzcGFuJTNFJTBBJTA5JTA5JTNDc3BhbiUyMGNsYXNzJTNEJTIydGVsZWZvbm8lMjIlM0U5NjQlMjAyMCUyMDEwJTIwMjAlM0MlMkZzcGFuJTNFJTBBJTA5JTNDJTJGYSUzRSUwQSUwOSUzQ2ElMjBocmVmJTNEJTIydGVsJTNBOTc3MzkwNTQ2JTIyJTIwY2xhc3MlM0QlMjJibG9xdWVkZWxlZ2FjaW9uJTIyJTNFJTBBJTA5JTA5JTNDc3BhbiUyMGNsYXNzJTNEJTIyZGVsZWdhY2lvbiUyMiUzRUNhdGFsdW55YSUzQyUyRnNwYW4lM0UlMEElMDklMDklM0NzcGFuJTIwY2xhc3MlM0QlMjJ0ZWxlZm9ubyUyMiUzRTk3NyUyMDM5JTIwMDUlMjA0NiUzQyUyRnNwYW4lM0UlMEElMDklM0MlMkZhJTNFJTBBJTNDYSUyMGhyZWYlM0QlMjJ0ZWwlM0E2MDU4NDc4MzUlMjIlMjBjbGFzcyUzRCUyMmJsb3F1ZWRlbGVnYWNpb24lMjIlM0UlMEElMDklMDklM0NzcGFuJTIwY2xhc3MlM0QlMjJkZWxlZ2FjaW9uJTIyJTNFU0FUMjRILiUyMENMSUVOVFMlM0MlMkZzcGFuJTNFJTBBJTA5JTA5JTNDc3BhbiUyMGNsYXNzJTNEJTIydGVsZWZvbm8lMjIlM0U2MDUlMjA4NDclMjA4MzUlM0MlMkZzcGFuJTNFJTBBJTA5JTNDJTJGYSUzRQ==[\/vc_raw_html][\/vc_column_inner][\/vc_row_inner][\/vc_column][\/vc_row][vc_row css_animation=&#8221;&#8221; row_type=&#8221;row&#8221; use_row_as_full_screen_section=&#8221;no&#8221; type=&#8221;grid&#8221; angled_section=&#8221;no&#8221; text_align=&#8221;left&#8221; background_image_as_pattern=&#8221;without_pattern&#8221; css=&#8221;.vc_custom_1616068588163{padding-top:&#8230;<\/p>\n","protected":false},"author":2,"featured_media":0,"parent":0,"menu_order":0,"comment_status":"closed","ping_status":"closed","template":"full_width.php","meta":{"footnotes":""},"class_list":["post-15780","page","type-page","status-publish","hentry"],"_links":{"self":[{"href":"https:\/\/www.electrogrup.es\/ca\/wp-json\/wp\/v2\/pages\/15780","targetHints":{"allow":["GET"]}}],"collection":[{"href":"https:\/\/www.electrogrup.es\/ca\/wp-json\/wp\/v2\/pages"}],"about":[{"href":"https:\/\/www.electrogrup.es\/ca\/wp-json\/wp\/v2\/types\/page"}],"author":[{"embeddable":true,"href":"https:\/\/www.electrogrup.es\/ca\/wp-json\/wp\/v2\/users\/2"}],"replies":[{"embeddable":true,"href":"https:\/\/www.electrogrup.es\/ca\/wp-json\/wp\/v2\/comments?post=15780"}],"version-history":[{"count":25,"href":"https:\/\/www.electrogrup.es\/ca\/wp-json\/wp\/v2\/pages\/15780\/revisions"}],"predecessor-version":[{"id":24498,"href":"https:\/\/www.electrogrup.es\/ca\/wp-json\/wp\/v2\/pages\/15780\/revisions\/24498"}],"wp:attachment":[{"href":"https:\/\/www.electrogrup.es\/ca\/wp-json\/wp\/v2\/media?parent=15780"}],"curies":[{"name":"wp","href":"https:\/\/api.w.org\/{rel}","templated":true}]}}