{"id":15798,"date":"2018-02-01T15:48:43","date_gmt":"2018-02-01T15:48:43","guid":{"rendered":"https:\/\/www.electrogrup.es\/empresa\/"},"modified":"2023-03-09T05:45:56","modified_gmt":"2023-03-09T05:45:56","slug":"empresa","status":"publish","type":"page","link":"https:\/\/www.electrogrup.es\/ca\/empresa\/","title":{"rendered":"Empresa"},"content":{"rendered":"<div class=\"wpb-content-wrapper\"><p>[vc_row css_animation=&#8221;&#8221; row_type=&#8221;row&#8221; use_row_as_full_screen_section=&#8221;no&#8221; type=&#8221;full_width&#8221; angled_section=&#8221;no&#8221; text_align=&#8221;left&#8221; background_image_as_pattern=&#8221;without_pattern&#8221; padding_bottom=&#8221;35&#8243; z_index=&#8221;&#8221;][vc_column][vc_column_text]<\/p>\n<h1 style=\"text-align: center;\">Empresa de Grups Electr\u00f2gens<\/h1>\n<h2 style=\"text-align: center;\">Disponibles en la C.Valenciana i Catalunya<\/h2>\n<p>[\/vc_column_text][vc_separator type=&#8221;small&#8221; position=&#8221;center&#8221; color=&#8221;#dd3333&#8243;][\/vc_column][\/vc_row][vc_row css_animation=&#8221;&#8221; row_type=&#8221;row&#8221; use_row_as_full_screen_section=&#8221;no&#8221; type=&#8221;full_width&#8221; angled_section=&#8221;no&#8221; text_align=&#8221;left&#8221; background_image_as_pattern=&#8221;without_pattern&#8221; padding_bottom=&#8221;35&#8243; z_index=&#8221;&#8221;][vc_column][vc_column_text]<strong>Electrogrup Generadors<\/strong> i Grues Miralles, SL, som una empresa especialitzada en el treball amb grups electr\u00f2gens.<\/p>\n<p>Lloguer i transport, venda i instal\u00b7laci\u00f3 d\u2019equips nous, manteniment i servei t\u00e8cnic. Oferim un servei integral al subministrament el\u00e8ctric amb <strong>grups electr\u00f2gens<\/strong>, sempre amb el valor afegit de l\u2019atenci\u00f3 i assist\u00e8ncia t\u00e8cnica 24 hores per a tots els nostres clients.<\/p>\n<p>Treballem amb els equips m\u00e9s fiables del mercat, sotmetent-los a rigorosos controls i seguiments, mantenint la nostra flota de lloguer actualitzada amb les \u00faltimes novetats tecnol\u00f2giques del mercat.[\/vc_column_text][\/vc_column][\/vc_row][vc_row css_animation=&#8221;&#8221; row_type=&#8221;row&#8221; use_row_as_full_screen_section=&#8221;no&#8221; type=&#8221;full_width&#8221; angled_section=&#8221;no&#8221; text_align=&#8221;left&#8221; background_image_as_pattern=&#8221;without_pattern&#8221; padding_bottom=&#8221;35&#8243; z_index=&#8221;&#8221;][vc_column width=&#8221;1\/3&#8243;][vc_single_image image=&#8221;15678&#8243; img_size=&#8221;full&#8221; qode_css_animation=&#8221;&#8221;][\/vc_column][vc_column width=&#8221;1\/3&#8243;][vc_single_image image=&#8221;15679&#8243; img_size=&#8221;full&#8221; qode_css_animation=&#8221;&#8221;][\/vc_column][vc_column width=&#8221;1\/3&#8243;][vc_single_image image=&#8221;15677&#8243; img_size=&#8221;full&#8221; qode_css_animation=&#8221;&#8221;][\/vc_column][\/vc_row][vc_row css_animation=&#8221;&#8221; row_type=&#8221;row&#8221; use_row_as_full_screen_section=&#8221;no&#8221; type=&#8221;full_width&#8221; angled_section=&#8221;no&#8221; text_align=&#8221;left&#8221; background_image_as_pattern=&#8221;without_pattern&#8221; padding_bottom=&#8221;35&#8243; z_index=&#8221;&#8221;][vc_column][vc_column_text]Garantim un comprom\u00eds de servei a cada instal\u00b7laci\u00f3 ia cada client, amb un equip hum\u00e0 amb anys d\u2019experi\u00e8ncia en el sector i una formaci\u00f3 cont\u00ednua en el nostre sector d\u2019activitat.<\/p>\n<p>Posem a la seva disposici\u00f3 el nostre equip comercial que li facilitar\u00e0 qualsevol informaci\u00f3 sobre els nostres productes i serveis, agraint per endavant la confian\u00e7a dipositada en la nostra empresa.[\/vc_column_text][\/vc_column][\/vc_row][vc_row css_animation=&#8221;&#8221; row_type=&#8221;row&#8221; use_row_as_full_screen_section=&#8221;no&#8221; type=&#8221;full_width&#8221; angled_section=&#8221;no&#8221; text_align=&#8221;left&#8221; background_image_as_pattern=&#8221;without_pattern&#8221; padding_top=&#8221;35&#8243; z_index=&#8221;&#8221;][vc_column][vc_column_text]<\/p>\n<p style=\"text-align: center;\"><strong>Sistema Integrat de Gesti\u00f3 de Qualitat i Medi Ambient<\/strong><\/p>\n<p>[\/vc_column_text][vc_separator type=&#8221;small&#8221; position=&#8221;center&#8221; color=&#8221;#dd3333&#8243;][\/vc_column][\/vc_row][vc_row css_animation=&#8221;&#8221; row_type=&#8221;row&#8221; use_row_as_full_screen_section=&#8221;no&#8221; type=&#8221;full_width&#8221; angled_section=&#8221;no&#8221; text_align=&#8221;left&#8221; background_image_as_pattern=&#8221;without_pattern&#8221; z_index=&#8221;&#8221;][vc_column width=&#8221;1\/12&#8243; css=&#8221;.vc_custom_1517501067396{padding-top: 45px !important;}&#8221;][\/vc_column][vc_column width=&#8221;10\/12&#8243;][vc_row_inner row_type=&#8221;row&#8221; type=&#8221;full_width&#8221; text_align=&#8221;left&#8221; css_animation=&#8221;&#8221;][vc_column_inner width=&#8221;1\/4&#8243;][vc_single_image image=&#8221;16545&#8243; img_size=&#8221;full&#8221; qode_css_animation=&#8221;&#8221;][\/vc_column_inner][vc_column_inner width=&#8221;3\/4&#8243;][vc_column_text]<\/p>\n<p style=\"text-align: justify;\">La nostra organitzaci\u00f3 i desenvolupament de la vida empresarial est\u00e0 basada en un Sistema Integrat de Gesti\u00f3 sota les normes UNE-EN ISO 9001: 2015 i UNE-EN ISO 14001: 2015, certificat per Aenor per a les activitats de lloguer, venda i servei t\u00e8cnic 24 hores de grups electr\u00f2gens. Garantim aix\u00ed una atenci\u00f3 personalitzada a cada client, sempre amb la finalitat de la seva plena satisfacci\u00f3 amb el nostre treball, una millora cont\u00ednua en els nostres processos, efici\u00e8ncia ambiental, reducci\u00f3 i adequat tractament de residus i una gesti\u00f3 responsable d&#8217;energia i mat\u00e8ries primeres utilitzades en la nostra activitat .<\/p>\n<p><strong><a href=\"https:\/\/www.electrogrup.es\/wp-content\/uploads\/2015\/04\/certif-SGC-Electrogrup.pdf\" target=\"_blank\" rel=\"noopener\">Descarregar CERTIFICAT ISO9001<\/a><\/strong><\/p>\n<p><strong><a href=\"https:\/\/www.electrogrup.es\/wp-content\/uploads\/2018\/11\/CertificadoGA-2018-0320_ES_2018-11-23.pdf\">Descarregar CERTIFICAT ISO14001<\/a><\/strong><\/p>\n<p><a href=\"https:\/\/www.electrogrup.es\/wp-content\/uploads\/2018\/10\/Pol\u00edtica-de-Calidad-y-Medio-Ambiente-08-18.pdf\"><strong>Descarregar POLITICA CALIDAD<\/strong><strong>\u00a0ELECTROGRUP<\/strong><\/a>[\/vc_column_text][\/vc_column_inner][\/vc_row_inner][\/vc_column][vc_column width=&#8221;1\/12&#8243;][\/vc_column][\/vc_row][vc_row css_animation=&#8221;&#8221; row_type=&#8221;row&#8221; use_row_as_full_screen_section=&#8221;no&#8221; type=&#8221;full_width&#8221; angled_section=&#8221;no&#8221; text_align=&#8221;left&#8221; background_image_as_pattern=&#8221;without_pattern&#8221; padding_top=&#8221;35&#8243; z_index=&#8221;&#8221;][vc_column offset=&#8221;vc_hidden-lg vc_hidden-md vc_hidden-sm vc_hidden-xs&#8221;][vc_column_text]<\/p>\n<p style=\"text-align: center;\"><strong>RSE-PYME. Responsabilitat Social Empresarial<\/strong><\/p>\n<p>[\/vc_column_text][vc_separator type=&#8221;small&#8221; position=&#8221;center&#8221; color=&#8221;#dd3333&#8243;][\/vc_column][\/vc_row][vc_row css_animation=&#8221;&#8221; row_type=&#8221;row&#8221; use_row_as_full_screen_section=&#8221;no&#8221; type=&#8221;full_width&#8221; angled_section=&#8221;no&#8221; text_align=&#8221;left&#8221; background_image_as_pattern=&#8221;without_pattern&#8221; padding_bottom=&#8221;35&#8243; z_index=&#8221;&#8221;][vc_column width=&#8221;1\/12&#8243;][\/vc_column][vc_column width=&#8221;1\/12&#8243; offset=&#8221;vc_hidden-lg vc_hidden-md vc_hidden-sm vc_hidden-xs&#8221;][vc_row_inner row_type=&#8221;row&#8221; type=&#8221;full_width&#8221; text_align=&#8221;left&#8221; css_animation=&#8221;&#8221;][vc_column_inner width=&#8221;1\/4&#8243;][vc_single_image image=&#8221;15607&#8243; img_size=&#8221;full&#8221; qode_css_animation=&#8221;&#8221;][\/vc_column_inner][vc_column_inner width=&#8221;3\/4&#8243;][vc_column_text]<\/p>\n<p style=\"text-align: justify;\">Per tal de contribuir a un model m\u00e9s just de desenvolupament econ\u00f2mic i social iniciar el 2011 una pol\u00edtica RSE, amb l\u2019adhesi\u00f3 als 10 principis del Pacte Mundial de les Nacions Unides, i com a socis signants de la Xarxa Espanyola del Pacte Mundial. Volem aix\u00ed contribuir activament, amb el desenvolupament de la nostra empresa, en mat\u00e8ria social, humana i ambiental.<\/p>\n<p>[\/vc_column_text][\/vc_column_inner][\/vc_row_inner][\/vc_column][vc_column width=&#8221;1\/12&#8243;][\/vc_column][\/vc_row][vc_row css_animation=&#8221;&#8221; row_type=&#8221;row&#8221; use_row_as_full_screen_section=&#8221;no&#8221; type=&#8221;full_width&#8221; angled_section=&#8221;no&#8221; text_align=&#8221;left&#8221; background_image_as_pattern=&#8221;without_pattern&#8221; z_index=&#8221;&#8221;][vc_column css=&#8221;.vc_custom_1678340838862{padding-top: 45px !important;}&#8221; offset=&#8221;vc_hidden-lg vc_hidden-md vc_hidden-sm vc_hidden-xs&#8221;][vc_column_text]<\/p>\n<p style=\"text-align: center;\"><strong>Certificad d&#8217;acreditaci\u00f3 ASEAMAC<\/strong><\/p>\n<p>[\/vc_column_text][vc_separator type=&#8221;small&#8221; position=&#8221;center&#8221; color=&#8221;#dd3333&#8243;][\/vc_column][\/vc_row][vc_row css_animation=&#8221;&#8221; row_type=&#8221;row&#8221; use_row_as_full_screen_section=&#8221;no&#8221; type=&#8221;full_width&#8221; angled_section=&#8221;no&#8221; text_align=&#8221;left&#8221; background_image_as_pattern=&#8221;without_pattern&#8221; padding_bottom=&#8221;35&#8243; z_index=&#8221;&#8221;][vc_column width=&#8221;1\/12&#8243; css=&#8221;.vc_custom_1517500956701{padding-top: 25px !important;}&#8221;][\/vc_column][vc_column width=&#8221;1\/12&#8243; offset=&#8221;vc_hidden-lg vc_hidden-md vc_hidden-sm vc_hidden-xs&#8221;][vc_row_inner row_type=&#8221;row&#8221; type=&#8221;full_width&#8221; text_align=&#8221;left&#8221; css_animation=&#8221;&#8221;][vc_column_inner width=&#8221;1\/4&#8243;][vc_single_image image=&#8221;16472&#8243; img_size=&#8221;full&#8221; qode_css_animation=&#8221;&#8221;][\/vc_column_inner][vc_column_inner width=&#8221;3\/4&#8243;][vc_column_text]<\/p>\n<p style=\"text-align: justify;\">La nostra empresa esta certificada per ASEMAC, l&#8217;associaci\u00f3 de llogadors de maquin\u00e0ria i equips.<\/p>\n<p><strong><a href=\"https:\/\/www.electrogrup.es\/wp-content\/uploads\/2021\/02\/ASEAMAC_Certificado_acreditacion_2021_ELECTROGRUP_210202_ES.pdf\">Descarregar Certificat ASEMAC <\/a><\/strong>[\/vc_column_text][\/vc_column_inner][\/vc_row_inner][\/vc_column][vc_column width=&#8221;1\/12&#8243;][\/vc_column][\/vc_row]<\/p>\n<\/div>","protected":false},"excerpt":{"rendered":"<p>[vc_row css_animation=&#8221;&#8221; row_type=&#8221;row&#8221; use_row_as_full_screen_section=&#8221;no&#8221; type=&#8221;full_width&#8221; angled_section=&#8221;no&#8221; text_align=&#8221;left&#8221; background_image_as_pattern=&#8221;without_pattern&#8221; padding_bottom=&#8221;35&#8243; z_index=&#8221;&#8221;][vc_column][vc_column_text] Empresa de Grups Electr\u00f2gens Disponibles en la C.Valenciana i Catalunya [\/vc_column_text][vc_separator type=&#8221;small&#8221; position=&#8221;center&#8221; color=&#8221;#dd3333&#8243;][\/vc_column][\/vc_row][vc_row css_animation=&#8221;&#8221; row_type=&#8221;row&#8221; use_row_as_full_screen_section=&#8221;no&#8221; type=&#8221;full_width&#8221; angled_section=&#8221;no&#8221; text_align=&#8221;left&#8221; background_image_as_pattern=&#8221;without_pattern&#8221; padding_bottom=&#8221;35&#8243; z_index=&#8221;&#8221;][vc_column][vc_column_text]Electrogrup Generadors i Grues Miralles, SL, som una empresa especialitzada en el treball&#8230;<\/p>\n","protected":false},"author":2,"featured_media":0,"parent":0,"menu_order":0,"comment_status":"closed","ping_status":"closed","template":"","meta":{"footnotes":""},"class_list":["post-15798","page","type-page","status-publish","hentry"],"_links":{"self":[{"href":"https:\/\/www.electrogrup.es\/ca\/wp-json\/wp\/v2\/pages\/15798","targetHints":{"allow":["GET"]}}],"collection":[{"href":"https:\/\/www.electrogrup.es\/ca\/wp-json\/wp\/v2\/pages"}],"about":[{"href":"https:\/\/www.electrogrup.es\/ca\/wp-json\/wp\/v2\/types\/page"}],"author":[{"embeddable":true,"href":"https:\/\/www.electrogrup.es\/ca\/wp-json\/wp\/v2\/users\/2"}],"replies":[{"embeddable":true,"href":"https:\/\/www.electrogrup.es\/ca\/wp-json\/wp\/v2\/comments?post=15798"}],"version-history":[{"count":21,"href":"https:\/\/www.electrogrup.es\/ca\/wp-json\/wp\/v2\/pages\/15798\/revisions"}],"predecessor-version":[{"id":24120,"href":"https:\/\/www.electrogrup.es\/ca\/wp-json\/wp\/v2\/pages\/15798\/revisions\/24120"}],"wp:attachment":[{"href":"https:\/\/www.electrogrup.es\/ca\/wp-json\/wp\/v2\/media?parent=15798"}],"curies":[{"name":"wp","href":"https:\/\/api.w.org\/{rel}","templated":true}]}}