{"id":16063,"date":"2018-02-06T12:53:24","date_gmt":"2018-02-06T12:53:24","guid":{"rendered":"https:\/\/www.electrogrup.es\/venta-ocasion-grupos-electrogenos\/"},"modified":"2022-11-25T12:32:58","modified_gmt":"2022-11-25T12:32:58","slug":"venda-ocasio-grups-electrogens","status":"publish","type":"page","link":"https:\/\/www.electrogrup.es\/ca\/generadors-electrics\/venda-ocasio-grups-electrogens\/","title":{"rendered":"Venda Ocasi\u00f3 Grups Electr\u00f2gens"},"content":{"rendered":"<div class=\"wpb-content-wrapper\"><p>[vc_row css_animation=&#8221;&#8221; row_type=&#8221;row&#8221; use_row_as_full_screen_section=&#8221;no&#8221; type=&#8221;grid&#8221; angled_section=&#8221;no&#8221; text_align=&#8221;left&#8221; background_image_as_pattern=&#8221;without_pattern&#8221; padding_top=&#8221;60&#8243; padding_bottom=&#8221;60&#8243; z_index=&#8221;&#8221;][vc_column width=&#8221;1\/2&#8243;][vc_empty_space][vc_column_text]<\/p>\n<p class=\"p1\">VENDA OCASI\u00d3 DE <span style=\"color: #dd3333;\">GRUPS ELECTR\u00d2GENS<\/span><\/p>\n<p>[\/vc_column_text][vc_separator type=&#8221;small&#8221; position=&#8221;center&#8221; color=&#8221;#000000&#8243; thickness=&#8221;2&#8243; up=&#8221;20&#8243;][vc_column_text]<\/p>\n<p>Per al cas dels esdeveniments puntuals, el <strong>lloguer de generadors de corrent<\/strong> pot ser una soluci\u00f3, encara que per a instal\u00b7lacions de llarga durada aix\u00f2 pot suposar una despesa considerable i pot resultar massa car per mantenir.<\/p>\n<p>En aquest cas es pot optar pel servei de venda de <strong>generadors el\u00e8ctrics<\/strong>, encara que en aquest cas, encara que el seu cost s\u2019amortitzi amb l\u2019\u00fas, podria seguir sent massa cost\u00f3s per al client. Per aquest motiu, en Electrogrup posem a la seva disposici\u00f3 un servei de venda de <strong>generadors el\u00e8ctrics d\u2019ocasi\u00f3 i venda de grups electr\u00f2gens de segona m\u00e0<\/strong>.<\/p>\n<p>[\/vc_column_text][vc_empty_space][\/vc_column][vc_column width=&#8221;1\/2&#8243;][vc_column_text]<img decoding=\"async\" style=\"width: 100%;\" title=\"Venta ocasi\u00f3n de generadores el\u00e9ctricos\" src=\"https:\/\/www.electrogrup.es\/wp-content\/uploads\/2018\/02\/venta-ocasion-grupos-electrogenos.jpg\" alt=\"Venta ocasi\u00f3n de generadores el\u00e9ctricos\" \/>[\/vc_column_text][\/vc_column][\/vc_row][vc_row css_animation=&#8221;&#8221; row_type=&#8221;row&#8221; use_row_as_full_screen_section=&#8221;no&#8221; type=&#8221;grid&#8221; angled_section=&#8221;no&#8221; text_align=&#8221;left&#8221; background_image_as_pattern=&#8221;without_pattern&#8221; background_color=&#8221;#f2f2f2&#8243; padding_top=&#8221;60&#8243; padding_bottom=&#8221;60&#8243; z_index=&#8221;&#8221;][vc_column][vc_column_text]<\/p>\n<p class=\"p1\"><span style=\"color: #dd3333;\">Grups electr\u00f2gens<\/span> en ocasi\u00f3<\/p>\n<p>[\/vc_column_text][vc_separator type=&#8221;small&#8221; position=&#8221;center&#8221; color=&#8221;#000000&#8243; thickness=&#8221;2&#8243; up=&#8221;20&#8243;]<div class='latest_post_holder boxes three_columns five_rows'><ul><li class=\"clearfix\"><div class=\"boxes_image\"><a itemprop=\"url\" href=\"https:\/\/www.electrogrup.es\/ca\/grups-electrogens-2500-w-ocasio\/\"><img decoding=\"async\" width=\"197\" height=\"148\" src=\"https:\/\/www.electrogrup.es\/wp-content\/uploads\/2017\/01\/grupos-electrogenos-atlas-copco.jpg\" class=\"attachment-imagen-blog size-imagen-blog wp-post-image\" alt=\"Grups electr\u00f2gens 2500 W Ocasi\u00f3\" title=\"Grups electr\u00f2gens 2500 W Ocasi\u00f3\" srcset=\"https:\/\/www.electrogrup.es\/wp-content\/uploads\/2017\/01\/grupos-electrogenos-atlas-copco.jpg 4032w, https:\/\/www.electrogrup.es\/wp-content\/uploads\/2017\/01\/grupos-electrogenos-atlas-copco-300x225.jpg 300w, https:\/\/www.electrogrup.es\/wp-content\/uploads\/2017\/01\/grupos-electrogenos-atlas-copco-768x576.jpg 768w, https:\/\/www.electrogrup.es\/wp-content\/uploads\/2017\/01\/grupos-electrogenos-atlas-copco-1024x768.jpg 1024w, https:\/\/www.electrogrup.es\/wp-content\/uploads\/2017\/01\/grupos-electrogenos-atlas-copco-800x600.jpg 800w, https:\/\/www.electrogrup.es\/wp-content\/uploads\/2017\/01\/grupos-electrogenos-atlas-copco-700x525.jpg 700w\" sizes=\"(max-width: 197px) 100vw, 197px\" \/><\/a><\/div><div class=\"latest_post\"><div class=\"latest_post_text\"><div class=\"latest_post_inner\"><div class=\"latest_post_text_inner\"><h5 itemprop=\"name\" class=\"latest_post_title entry_title\"><a itemprop=\"url\" href=\"https:\/\/www.electrogrup.es\/ca\/grups-electrogens-2500-w-ocasio\/\">Grups electr\u00f2gens 2500 W Ocasi\u00f3<\/a><\/h5><p itemprop=\"description\" class=\"excerpt\">Diverses unitats Grups electr\u00f2gens Atlas Copco P3000. Nous, nom\u00e9s 2 hores de treball. Preu: 350 \u20ac + IVA Caracter\u00edstiques P3000:\u00a0Atlas Copco P3000 \u2013 P6500...<\/p><span class=\"post_infos\"><\/span><\/div><\/div><\/div><\/div><li class=\"clearfix\"><div class=\"boxes_image\"><a itemprop=\"url\" href=\"https:\/\/www.electrogrup.es\/ca\/grup-electrogen-60-kva-ocasio\/\"><img decoding=\"async\" width=\"197\" height=\"148\" src=\"https:\/\/www.electrogrup.es\/wp-content\/uploads\/2017\/01\/Foto-26-1-17-8-42-28-1.jpg\" class=\"attachment-imagen-blog size-imagen-blog wp-post-image\" alt=\"Grup Electr\u00f2gen 60 kva ocasi\u00f3.\" title=\"Grup Electr\u00f2gen 60 kva ocasi\u00f3.\" srcset=\"https:\/\/www.electrogrup.es\/wp-content\/uploads\/2017\/01\/Foto-26-1-17-8-42-28-1.jpg 4032w, https:\/\/www.electrogrup.es\/wp-content\/uploads\/2017\/01\/Foto-26-1-17-8-42-28-1-300x225.jpg 300w, https:\/\/www.electrogrup.es\/wp-content\/uploads\/2017\/01\/Foto-26-1-17-8-42-28-1-768x576.jpg 768w, https:\/\/www.electrogrup.es\/wp-content\/uploads\/2017\/01\/Foto-26-1-17-8-42-28-1-1024x768.jpg 1024w, https:\/\/www.electrogrup.es\/wp-content\/uploads\/2017\/01\/Foto-26-1-17-8-42-28-1-800x600.jpg 800w, https:\/\/www.electrogrup.es\/wp-content\/uploads\/2017\/01\/Foto-26-1-17-8-42-28-1-700x525.jpg 700w\" sizes=\"(max-width: 197px) 100vw, 197px\" \/><\/a><\/div><div class=\"latest_post\"><div class=\"latest_post_text\"><div class=\"latest_post_inner\"><div class=\"latest_post_text_inner\"><h5 itemprop=\"name\" class=\"latest_post_title entry_title\"><a itemprop=\"url\" href=\"https:\/\/www.electrogrup.es\/ca\/grup-electrogen-60-kva-ocasio\/\">Grup Electr\u00f2gen 60 kva ocasi\u00f3.<\/a><\/h5><p itemprop=\"description\" class=\"excerpt\">Ocasi\u00f3 Grup Electrogen 60 kva. Motor John-Deere. 1500 r.p.m. 230\/400 V. 50 Hz. 7300 hores. Preu: 6.000 \u20ac...<\/p><span class=\"post_infos\"><\/span><\/div><\/div><\/div><\/div><\/ul><\/div>[\/vc_column][\/vc_row][vc_row css_animation=&#8221;&#8221; row_type=&#8221;row&#8221; use_row_as_full_screen_section=&#8221;no&#8221; type=&#8221;grid&#8221; angled_section=&#8221;no&#8221; text_align=&#8221;left&#8221; background_image_as_pattern=&#8221;without_pattern&#8221; padding_top=&#8221;60&#8243; padding_bottom=&#8221;60&#8243; z_index=&#8221;&#8221;][vc_column][vc_column_text]<\/p>\n<p class=\"p1\">Sol\u00b7liciteu m\u00e9s informaci\u00f3 i ens posarem en contacte<\/p>\n<p>[\/vc_column_text][vc_separator type=&#8221;small&#8221; position=&#8221;center&#8221; color=&#8221;#000000&#8243; thickness=&#8221;2&#8243; up=&#8221;20&#8243;][vc_row_inner row_type=&#8221;row&#8221; type=&#8221;full_width&#8221; text_align=&#8221;left&#8221; css_animation=&#8221;&#8221;][vc_column_inner width=&#8221;1\/5&#8243;][\/vc_column_inner][vc_column_inner width=&#8221;3\/5&#8243;]\n<div class=\"wpcf7 no-js\" id=\"wpcf7-f23612-o1\" lang=\"es-ES\" dir=\"ltr\" data-wpcf7-id=\"23612\">\n<div class=\"screen-reader-response\"><p role=\"status\" aria-live=\"polite\" aria-atomic=\"true\"><\/p> <ul><\/ul><\/div>\n<form action=\"\/ca\/wp-json\/wp\/v2\/pages\/16063#wpcf7-f23612-o1\" method=\"post\" class=\"wpcf7-form init cf7_custom_style_1\" aria-label=\"Formulario de contacto\" novalidate=\"novalidate\" data-status=\"init\">\n<fieldset class=\"hidden-fields-container\"><input type=\"hidden\" name=\"_wpcf7\" value=\"23612\" \/><input type=\"hidden\" name=\"_wpcf7_version\" value=\"6.1.5\" \/><input type=\"hidden\" name=\"_wpcf7_locale\" value=\"es_ES\" \/><input type=\"hidden\" name=\"_wpcf7_unit_tag\" value=\"wpcf7-f23612-o1\" \/><input type=\"hidden\" name=\"_wpcf7_container_post\" value=\"0\" \/><input type=\"hidden\" name=\"_wpcf7_posted_data_hash\" value=\"\" \/><input type=\"hidden\" name=\"_wpcf7_recaptcha_response\" value=\"\" \/>\n<\/fieldset>\n<div id=\"responsive-form\" class=\"clearfix\">\n \t<div class=\"form-row\">\n\t\t<div class=\"three-columns\">Nom* <span class=\"wpcf7-form-control-wrap\" data-name=\"nombre\"><input size=\"40\" maxlength=\"400\" class=\"wpcf7-form-control wpcf7-text wpcf7-validates-as-required\" aria-required=\"true\" aria-invalid=\"false\" value=\"\" type=\"text\" name=\"nombre\" \/><\/span><\/div>\n\t\t<div class=\"three-columns\">Cognom* <span class=\"wpcf7-form-control-wrap\" data-name=\"apellidos\"><input size=\"40\" maxlength=\"400\" class=\"wpcf7-form-control wpcf7-text wpcf7-validates-as-required\" aria-required=\"true\" aria-invalid=\"false\" value=\"\" type=\"text\" name=\"apellidos\" \/><\/span><\/div>\n\t\t<div class=\"three-columns\">Empresa <span class=\"wpcf7-form-control-wrap\" data-name=\"empresa\"><input size=\"40\" maxlength=\"400\" class=\"wpcf7-form-control wpcf7-text\" aria-invalid=\"false\" value=\"\" type=\"text\" name=\"empresa\" \/><\/span><\/div>\n\t<\/div>\n\t<span class=\"wpcf7-form-control-wrap\" data-name=\"camapanya\"><input size=\"40\" maxlength=\"400\" class=\"wpcf7-form-control wpcf7-text wpcf7-validates-as-required campo_campana\" aria-required=\"true\" aria-invalid=\"false\" value=\"\" type=\"text\" name=\"camapanya\" \/><\/span>\n\t<div class=\"form-row\">\n\t\t<div class=\"three-columns\">Tel\u00e8fon* <span class=\"wpcf7-form-control-wrap\" data-name=\"your-phone\"><input size=\"40\" maxlength=\"400\" class=\"wpcf7-form-control wpcf7-text wpcf7-validates-as-required\" aria-required=\"true\" aria-invalid=\"false\" value=\"\" type=\"text\" name=\"your-phone\" \/><\/span><\/div>\n\t\t<div class=\"three-columns\">Email* <span class=\"wpcf7-form-control-wrap\" data-name=\"your-email\"><input size=\"40\" maxlength=\"400\" class=\"wpcf7-form-control wpcf7-email wpcf7-validates-as-required wpcf7-text wpcf7-validates-as-email\" aria-required=\"true\" aria-invalid=\"false\" value=\"\" type=\"email\" name=\"your-email\" \/><\/span><\/div>\n\t\t<div class=\"three-columns\">Servei* <span class=\"wpcf7-form-control-wrap\" data-name=\"servicios\"><select class=\"wpcf7-form-control wpcf7-select wpcf7-validates-as-required\" aria-required=\"true\" aria-invalid=\"false\" name=\"servicios\"><option value=\"Lloguer\">Lloguer<\/option><option value=\"Venda\">Venda<\/option><option value=\"Manteniment i reparacions\">Manteniment i reparacions<\/option><\/select><\/span><\/div>\n\t<\/div>\n\n\t<div class=\"form-row\">\n\t\t<div class=\"one-column\">Missatge*  <span class=\"wpcf7-form-control-wrap\" data-name=\"your-message\"><textarea cols=\"40\" rows=\"10\" maxlength=\"2000\" class=\"wpcf7-form-control wpcf7-textarea\" aria-invalid=\"false\" name=\"your-message\"><\/textarea><\/span><\/div>\n\t<\/div>\n \n\t<div class=\"form-row\">\n                <span class=\"wpcf7-form-control-wrap\" data-name=\"acceptance-831\"><span class=\"wpcf7-form-control wpcf7-acceptance\"><span class=\"wpcf7-list-item\"><label><input type=\"checkbox\" name=\"acceptance-831\" value=\"1\" aria-invalid=\"false\" \/><span class=\"wpcf7-list-item-label\">He llegit i accepte la <a href=\"\/politica-de-privacidad\">pol\u00edtica de privacitat<\/a>.<\/span><\/label><\/span><\/span><\/span>\n\t\t<div class=\"one-column\"><input class=\"wpcf7-form-control wpcf7-submit has-spinner\" type=\"submit\" value=\"Enviar\" \/><\/div>\n\t<\/div>\n<\/div><div class=\"wpcf7-response-output\" aria-hidden=\"true\"><\/div>\n<\/form>\n<\/div>\n[\/vc_column_inner][vc_column_inner width=&#8221;1\/5&#8243;][\/vc_column_inner][\/vc_row_inner][vc_row_inner row_type=&#8221;row&#8221; type=&#8221;full_width&#8221; text_align=&#8221;left&#8221; css_animation=&#8221;&#8221;][vc_column_inner width=&#8221;5\/6&#8243; offset=&#8221;vc_hidden-lg vc_hidden-md vc_hidden-sm&#8221;][vc_column_text]<\/p>\n<h4 style=\"text-align: center;\">Per a m\u00e9s informaci\u00f3, truqui&#8217;ns<\/h4>\n<p>[\/vc_column_text][\/vc_column_inner][vc_column_inner width=&#8221;1\/6&#8243; offset=&#8221;vc_hidden-lg vc_hidden-md vc_hidden-sm&#8221;][vc_raw_html]JTNDYSUyMG9uY2xpY2slM0QlMjJfZ2FxLnB1c2glMjglNUIlMjAlMjdfdHJhY2tFdmVudCUyNyUyQyUyN2xsYW1hZGElMjclMkMlMjdsbGFtYWRhLXBhZ2luYS12ZW50YW9jYXNpb24lMjclMkMlMjdDbGljayUyMGVuJTIwbGxhbWFyJTIwZW4lMjBwJUMzJUExZ2luYSUyMHZlbnRhb2Nhc2lvbiUyNyU1RCUyOSUzQiUyMiUyMGl0ZW1wcm9wJTNEJTIydXJsJTIyJTIwaHJlZiUzRCUyMnRlbCUzQTk2NDIwMTAyMCUyMiUyMHRhcmdldCUzRCUyMl9zZWxmJTIyJTIwY2xhc3MlM0QlMjJxYnV0dG9uJTIwJTIwbWVkaXVtJTIwZGVmYXVsdCUyMiUzRUNyaWRhciUzQ2klMjBjbGFzcyUzRCUyMnFvZGVfaWNvbl9mb250X2F3ZXNvbWUlMjBmYSUyMGZhLXBob25lJTIwcW9kZV9idXR0b25faWNvbl9lbGVtZW50JTIyJTIwc3R5bGUlM0QlMjIlMjIlM0UlM0MlMkZpJTNFJTNDJTJGYSUzRQ==[\/vc_raw_html][\/vc_column_inner][\/vc_row_inner][\/vc_column][\/vc_row][vc_row css_animation=&#8221;&#8221; row_type=&#8221;row&#8221; use_row_as_full_screen_section=&#8221;no&#8221; type=&#8221;grid&#8221; angled_section=&#8221;no&#8221; text_align=&#8221;left&#8221; background_image_as_pattern=&#8221;without_pattern&#8221; background_color=&#8221;#f2f2f2&#8243; padding_top=&#8221;60&#8243; padding_bottom=&#8221;60&#8243; z_index=&#8221;&#8221;][vc_column][vc_column_text]<\/p>\n<h2 class=\"tituloselectrogrup\">Electrogrup Grups <span style=\"color: #dd3333;\">Electr\u00f2gens<\/span><\/h2>\n<p>[\/vc_column_text][vc_separator type=&#8221;small&#8221; position=&#8221;center&#8221; color=&#8221;#000000&#8243; thickness=&#8221;2&#8243; up=&#8221;20&#8243;][vc_raw_html]JTNDZGl2JTIwY2xhc3MlM0QlMjJibG9xdWVkZXNjcmlwY2lvbiUyMiUzRSUwQSUwQSUzQ2RpdiUyMGNsYXNzJTNEJTIyZGVzY3JpcGNpb25sYXJnYSUyMiUzRSUwQSUwQSUzQ3AlM0VFbHMlMjBncnVwcyUyMGVsZWN0ciVDMyVCMmdlbnMlMjZuYnNwJTNCJTIwcyVDMyVCM24lMjB1bmElMjBzb2x1Y2klQzMlQjMlMjBwciVDMyVBMGN0aWNhJTIwaSUyMGVmaWNhJUMzJUE3JTIwcGVyJTIwYSUyMGFjb25zZWd1aXIlMjBlbmVyZ2lhJTIwZWwlQzMlQThjdHJpY2ElMjBlbiUyMGRldGVybWluYWRlcyUyMG9jYXNpb25zJTIwZW4lMjBxdSVDMyVBOCUyMG5vJTIwZXMlMjBkaXNwb3NhJTIwZGUlMjBjb25uZXhpJUMzJUIzJTIwYSUyMGxhJTIweGFyeGElMjBlbCVDMyVBOGN0cmljYSUyMHRyYWRpY2lvbmFsJTIwbyUyMGVzJTIwdCVDMyVBOSUyMHVuYSUyMG5lY2Vzc2l0YXQlMjBleHRyYSUyMGQlRTIlODAlOTllbmVyZ2lhLiUyMCVDMyU4OXMlMjBlbCUyMGNhcyUyMGRlbHMlMjBlc2RldmVuaW1lbnRzJTIwbyUyMGQlRTIlODAlOTlpbnN0YWwlQzIlQjdsYWNpb25zJTIwcXVlJTIwaGFuJTIwZGUlMjBtYW50aW5kcmUlMjBzZW1wcmUlMjB1biUyMHN1Ym1pbmlzdHJhbWVudCUyMGVsJUMzJUE4Y3RyaWMlMjBjb250aW51JTJDJTIwZm9yYSUyMGRlJTIwcGVyaWxsJTIwZGUlMjB0YWxscyUyMGklMjBjYWlndWRlcyUyMGRlJTIwdGVuc2klQzMlQjMuJTNDJTJGcCUzRSUwQSUzQ3AlM0VQZXIlMjBhbCUyMGNhcyUyMGRlbHMlMjBlc2RldmVuaW1lbnRzJTIwcHVudHVhbHMlMkMlMjBlbCUyMGxsb2d1ZXIlMjBkZSUyMCUzQ3N0cm9uZyUzRWdlbmVyYWRvcnMlMjBkZSUyMGNvcnJlbnQlM0MlMkZzdHJvbmclM0UlMjBwb3QlMjBzZXIlMjB1bmElMjBzb2x1Y2klQzMlQjMlMkMlMjBlbmNhcmElMjBxdWUlMjBwZXIlMjBhJTIwaW5zdGFsJUMyJUI3bGFjaW9ucyUyMGRlJTIwbGxhcmdhJTIwZHVyYWNpJUMzJUIzJTIwYSVDMyVBNyVDMyVCMiUyMHBvdCUyMHN1cG9zYXIlMjB1bmElMjBkZXNwZXNzYSUyMGNvbnNpZGVyYWJsZSUyMGklMjBwb3QlMjByZXN1bHRhciUyMG1hc3NhJTIwY2FyJTIwcGVyJTIwYSUyMG1hbnRpbmRyZS4lM0MlMkZwJTNFJTBBJTBBJTBBJTNDJTJGZGl2JTNFJTBBJTBBJTNDZGl2JTIwY2xhc3MlM0QlMjJkZXNjcmlwY2lvbmxhcmdhbWFzJTIyJTIwc3R5bGUlM0QlMjJkaXNwbGF5JTNBbm9uZSUzQiUyMiUzRSUwQSUwQSUzQ3AlM0VFbiUyMGVzdGUlMjBjYXMlMjBlcyUyMHBvdCUyMG9wdGFyJTIwcGVsJTIwc2VydmVpJTIwZGUlMjAlM0NzdHJvbmclM0V2ZW5kYSUyMGRlJTIwZ2VuZXJhZG9ycyUyMGVsJUMzJUE4Y3RyaWNzJTNDJTJGc3Ryb25nJTNFJTIwJTJDJTIwZW5jYXJhJTIwcXVlJTIwZW4lMjBlc3RlJTIwY2FzJTJDJTIwZW5jYXJhJTIwcXVlJTIwZWwlMjBzZXUlMjBjb3N0JTIwcyVFMiU4MCU5OWFtb3J0aXR6ZSUyMGFtYiUyMGwlRTIlODAlOTklQzMlQkFzJTJDJTIwcG9kcmlhJTIwY29udGludWFyJTIwc2VudCUyMG1hc3NhJTIwY29zdCVDMyVCM3MlMjBwZXIlMjBhbCUyMGNsaWVudC4lMjBQZXIlMjBlaXhlJTIwbW90aXUlMkMlMjBlbiUyMEVsZWN0cm9ncnVwJTIwcG9zZW0lMjBhJTIwbGElMjBzZXVhJTIwZGlzcG9zaWNpJUMzJUIzJTIwdW4lMjBzZXJ2ZWklMjBkZSUyMCUzQ3N0cm9uZyUzRXZlbmRhJTIwZGUlMjBnZW5lcmFkb3JzJTIwZWwlQzMlQThjdHJpY3MlMjBkJUUyJTgwJTk5b2Nhc2klQzMlQjMlMjAlM0MlMkZzdHJvbmclM0VpJTIwJTNDc3Ryb25nJTNFdmVuZGElMjBkZSUyMGdydXBzJTIwZWxlY3RyJUMzJUIyZ2VucyUyMGRlJTIwc2Vnb25hJTIwbSVDMyVBMC4lM0MlMkZzdHJvbmclM0UlM0MlMkZwJTNFJTBBJTNDcCUzRUVzdG9zJTIwJTNDc3Ryb25nJTNFZ3J1cHMlMjBlbGVjdHIlQzMlQjJnZW5zJTIwdXNhdHMlMjBlbiUyMHZlbmRhJTNDJTJGc3Ryb25nJTNFJTIwZXN0YW4lMjByZXZpc2F0cyUyMGklMjBjb21wdGVuJTIwYW1iJTIwdG90ZXMlMjBsZXMlMjBnYXJhbnRpZXMlMjBwZXJxdSVDMyVBOCUyMGZ1bmNpb25lbiUyMHBlcmZlY3RhbWVudCUyMGklMjBvZmVyaXNxdWVuJTIwZWwlMjBzZXJ2aWNpJTIwcXVlJTIwZGV1ZW4lMjByZWFsaXR6YXIlMjBwZXIlMjBhJTIwY29icmlyJTIwbGVzJTIwbmVjZXNzaXRhdHMlMjBsYSUyMGluc3RhbCVDMiVCN2xhY2klQzMlQjMlMjBvbiUyMHRyZWJhbGxlbi4lM0MlMkZwJTNFJTBBJTNDcCUzRUVuJTIwRWxlY3Ryb2dydXAlMjBwb2RyJUMzJUEwJTIwdHJvYmFyJTIwJTNDc3Ryb25nJTNFZ2VuZXJhZG9ycyUyMGQlRTIlODAlOTlvY2FzaSVDMyVCMyUzQyUyRnN0cm9uZyUzRSUyMGklMjAlM0NzdHJvbmclM0VnZW5lcmFkb3JzJTIwdXNhdHMlMjByZXZpc2F0cyUzQyUyRnN0cm9uZyUzRSUyMGklMjBwcmVwYXJhdHMlMjBwZXIlMjBhJTIwc2VyJTIwaW5zdGFsJUMyJUI3bGF0cyUyMGFtYiUyMHRvdHMlMjBlbHMlMjBlbGVtZW50cyUyMG5lY2Vzc2FyaXMuJTIwRWxzJTIwcHJvZmVzc2lvbmFscyUyMGRlJTIwbCVFMiU4MCU5OWVtcHJlc2ElMjBzJUUyJTgwJTk5ZW5jYXJyZWdhcmFuJTIwZGUlMjByZWFsaXR6YXIlMjBsYSUyMGluc3RhbCVDMiVCN2xhY2klQzMlQjMlMjBpJTIwZXN0YXJhbiUyMHByZXNlbnRzJTIwZW4lMjBsYSUyMHBvc2FkYSUyMGVuJTIwbWFyeGElMjAlM0NzdHJvbmclM0VkZWwlMjBnZW5lcmFkb3IlMjBlbCVDMyVBOGN0cmljJTIwZGUlMjBzZWdvbmElMjBtJUMzJUEwJTNDJTJGc3Ryb25nJTNFJTIwcGVyJTIwYSUyMGNvbXByb3ZhciUyMHF1ZSUyMHRvdCUyMGZ1bmNpb25hJTIwZGUlMjBtYW5lcmElMjBjb3JyZWN0YS4lM0MlMkZwJTNFJTBBJTNDcCUzRUElMjBtJUMzJUE5cyUyMGRlbCUyMHNlcnZpY2klMjBkZSUyMCUzQ3N0cm9uZyUzRXZlbmRhJTIwZGUlMjBnZW5lcmFkb3JzJTIwZWwlQzMlQThjdHJpY3MlMjB1c2F0cyUzQyUyRnN0cm9uZyUzRSUyQyUyMEVsZWN0cm9ncnVwJTIwb2ZlcmVpeCUyMHVuJTIwc2VydmVpJTIwZGUlMjBtYW50ZW5pbWVudCUyMHBlciUyMGElMjAlM0NzdHJvbmclM0VncnVwcyUyMGVsZWN0ciVDMyVCMmdlbnMlMjAlM0MlMkZzdHJvbmclM0Vub3VzJTIwaSUyMCUzQ3N0cm9uZyUzRWdydXBzJTIwZWxlY3RyJUMzJUIyZ2VucyUyMGRlJTIwc2Vnb25hJTIwbSVDMyVBMCUzQyUyRnN0cm9uZyUzRSUyQyUyMHBlcnF1JUMzJUE4JTIwZXMlMjBwdWdhJTIwY29tcHRhciUyMGFtYiUyMGVsbHMlMjBkZSUyMG1hbmVyYSUyMGNvbnQlQzMlQURudWElMkMlMjBldml0YW50JTIwYXZhcmllcyUyMGklMjByZWFsaXR6YW50JTIwbGVzJTIwdGFzcXVlcyUyMGRlJTIwcmVwYXJhY2klQzMlQjMlMjBpJTIwc3Vic3RpdHVjaSVDMyVCMyUyMGRlJTIwcGVjZXMlMkMlMjBzaSUyMCVDMyVBOXMlMjBuZWNlc3NhcmkuJTNDJTJGcCUzRSUwQSUzQ3AlM0VFbHMlMjAlM0NzdHJvbmclM0VnZW5lcmFkb3JzJTIwdXNhdHMlM0MlMkZzdHJvbmclM0UlMjBxdWUlMjBwb2RyJUMzJUEwJTIwdHJvYmFyJTIwZW4lMjBFbGVjdHJvZ3J1cCUyMGhhbiUyMGVzdGF0JTIwcHJlcGFyYXRzJTIwcGVyJTIwYSUyMGNvbnRpbnVhciUyMG9mZXJpbnQlMjBlbCUyMHNlcnZlaSUyMHBlciUyMGFsJTIwcXVlJTIwdmFuJTIwc2VyJTIwZmFicmljYXRzJTJDJTIwc2Vuc2UlMjBxdWUlMjBoYWdlbiUyMGFjYWJhdCUyMGxhJTIwc2V2YSUyMHZpZGElMjAlQzMlQkF0aWwlMjBpJTIwc2VudCUyMGNhcGElQzMlQTdvcyUyMGRlJTIwY29udGludWFyJTIwZ2VuZXJhbnQlMjBzb2x1Y2lvbnMlMjBwZXIlMjBhJTIwZGlzdGludHMlMjB0aXB1cyUyMGQlRTIlODAlOTlpbnN0YWwlQzIlQjdsYWNpb25zLiUzQyUyRnAlM0UlMEElM0NwJTNFRGlucyUyMGRlbCUyMHNlcnZlaSUyMGRlJTIwdmVuZGElMjBkZSUyMCUzQ3N0cm9uZyUzRWdlbmVyYWRvcnMlMjBkJUUyJTgwJTk5b2Nhc2klQzMlQjMlM0MlMkZzdHJvbmclM0UlMjBlbHMlMjBvZmVyaW0lMjB0YW50JTIwZXF1aXBzJTIwbWVudXRzJTIwYW1iJTIwbW9sdCUyMHBvYyUyMCVDMyVCQXMlMjBpJTIwZGUlMjBwcmV1JTIwcmVkdSVDMyVBRnQlMjBhJTIwJTNDc3Ryb25nJTNFZ2VuZXJhZG9ycyUyMGVsJUMzJUE4Y3RyaWNzJTIwZGUlMjBzZWdvbmElMjBtJUMzJUEwJTNDJTJGc3Ryb25nJTNFJTIwZGUlMjBtYWpvciUyMGNhcGFjaXRhdCUyMGklMjBwb3QlQzMlQThuY2lhJTJDJTIwcXVlJTIwaGFuJTIwZXN0YXQlMjByZXRpcmF0cyUyMHBlciUyMHN1YnN0aXR1Y2klQzMlQjMlMjBvJTIwcGVycXUlQzMlQTglMjBzJUUyJTgwJTk5aGFuJTIwcXVlZGF0JTIwb2Jzb2xldHMlMjBlbiUyMGVscyUyMGxsb2NzJTIwb24lMjBlc3RhdmVuJTIwaW5zdGFsJUMyJUI3bGF0cy4lM0MlMkZwJTNFJTBBJTNDcCUzRVRhbnQlMjBlbiUyMHVuJTIwY2FzJTIwY29tJTIwZW4lMjBsJUUyJTgwJTk5YWx0cmUlMkMlMjBlcyUyMHRyYWN0YSUyMGRlJTIwJTNDc3Ryb25nJTNFZ3J1cHMlMjBlbGVjdHIlQzMlQjJnZW5zJTIwdXNhdHMlMjAlM0MlMkZzdHJvbmclM0VxdWUlMjBjb250aW51YXIlQzMlQTBuJTIwZnVuY2lvbmFudCUyMG9mZXJpbnQlMjBsYSUyMHNvbHVjaSVDMyVCMyUyMGFkaWVudCUyMHBlciUyMGElMjBjb2JyaXIlMjBsZXMlMjBuZWNlc3NpdGF0cyUyMGVuZXJnaWElMjBlbCVDMyVBOGN0cmljYSUyMGVuJTIwY2FkYSUyMHVuYSUyMGRlJTIwbGVzJTIwc2V2ZXMlMjBub3ZlcyUyMHViaWNhY2lvbnMlMkMlMjBhbWIlMjB0b3RlcyUyMGxlcyUyMGdhcmFudGllcy4lMjBBJTIwbSVDMyVBOXMlMkMlMjBlbHMlMjBwcm9mZXNzaW9uYWxzJTIwZCVFMiU4MCU5OUVsZWN0cm9ncnVwJTIwcmVhbGl0emFyYW4lMjBsZXMlMjB0YXNxdWVzJTIwZGUlMjBtYW50ZW5pbWVudCUyMHByZXZlbnRpdSUyMGklMjByZXBhcmFjaW9ucyUyMHNlZ29ucyUyMGVsJTIwY29udHJhY3RlJTIwZGUlMjBtYW50ZW5pbWVudCUyMHRyaWF0JTJDJTIwcGVycXUlQzMlQTglMjBlbHMlMjBnZW5lcmFkb3JzJTIwZGUlMjBzZWdvbmElMjBtJUMzJUEwJTIwbWFudGluZ3VlbiUyMGxhJTIwc2V1YSUyMGZ1bmNpb25hbGl0YXQlMjBhbCUyMGxsYXJnJTIwZGUlMjBtb2x0cyUyMG0lQzMlQTlzJTIwYW55cyUyMGRlJTIwdHJlYmFsbC4lM0MlMkZwJTNFJTBBJTNDcCUzRUNvbnN1bHRlJUUyJTgwJTk5bnMlMjBwZXIlMjBhJTIwZGVzY29icmlyJTIwc2klMjBwb2RlbSUyMG9mZXJpci1saSUyMCUzQ3N0cm9uZyUzRWdydXBzJTIwZWxlY3RyJUMzJUIyZ2VucyUyMGQlRTIlODAlOTlvY2FzaSVDMyVCMyUyMCUzQyUyRnN0cm9uZyUzRXBlciUyMGFsJTIwc2V1JTIwcHJvamVjdGUlMkMlMjBlc3RhbHZpZSUyMGVuJTIwZWwlMjBjb3N0JTIwZGVsJTIwc2V1JTIwJTNDc3Ryb25nJTNFZ2VuZXJhZG9yJTIwc2Vnb25hJTIwbSVDMyVBMCUzQyUyRnN0cm9uZyUzRSUyMGklMjB0aW5nYSUyMHNlbXByZSUyMHVuJTIwc3VibWluaXN0cmFtZW50JTIwYWRlcXVhdCUyMHBlciUyMGElMjBsYSUyMHNldmElMjBpbnN0YWwlQzIlQjdsYWNpJUMzJUIzLiUzQyUyRnAlM0UlMEElM0MlMkZkaXYlM0UlMEElMEElM0NkaXYlMjBjbGFzcyUzRCUyMmxlZXJtYXMlMjIlM0UlM0NzcGFuJTIwY2xhc3MlM0QlMjJ0eHRfbGVlcm1hcyUyMiUzRUxsZWdpciUyMG0lQzMlQTlzJTNDJTJGc3BhbiUzRSUzQyUyRmRpdiUzRSUwQSUwQSUzQyUyRmRpdiUzRQ==[\/vc_raw_html][\/vc_column][\/vc_row]<\/p>\n<\/div>","protected":false},"excerpt":{"rendered":"<p>[vc_row css_animation=&#8221;&#8221; row_type=&#8221;row&#8221; use_row_as_full_screen_section=&#8221;no&#8221; type=&#8221;grid&#8221; angled_section=&#8221;no&#8221; text_align=&#8221;left&#8221; background_image_as_pattern=&#8221;without_pattern&#8221; padding_top=&#8221;60&#8243; padding_bottom=&#8221;60&#8243; z_index=&#8221;&#8221;][vc_column width=&#8221;1\/2&#8243;][vc_empty_space][vc_column_text] VENDA OCASI\u00d3 DE GRUPS ELECTR\u00d2GENS [\/vc_column_text][vc_separator type=&#8221;small&#8221; position=&#8221;center&#8221; color=&#8221;#000000&#8243; thickness=&#8221;2&#8243; up=&#8221;20&#8243;][vc_column_text] Per al cas dels esdeveniments puntuals, el lloguer de generadors de corrent pot ser una soluci\u00f3, encara que per a instal\u00b7lacions de&#8230;<\/p>\n","protected":false},"author":2,"featured_media":0,"parent":16930,"menu_order":0,"comment_status":"closed","ping_status":"closed","template":"full_width.php","meta":{"footnotes":""},"class_list":["post-16063","page","type-page","status-publish","hentry"],"_links":{"self":[{"href":"https:\/\/www.electrogrup.es\/ca\/wp-json\/wp\/v2\/pages\/16063","targetHints":{"allow":["GET"]}}],"collection":[{"href":"https:\/\/www.electrogrup.es\/ca\/wp-json\/wp\/v2\/pages"}],"about":[{"href":"https:\/\/www.electrogrup.es\/ca\/wp-json\/wp\/v2\/types\/page"}],"author":[{"embeddable":true,"href":"https:\/\/www.electrogrup.es\/ca\/wp-json\/wp\/v2\/users\/2"}],"replies":[{"embeddable":true,"href":"https:\/\/www.electrogrup.es\/ca\/wp-json\/wp\/v2\/comments?post=16063"}],"version-history":[{"count":17,"href":"https:\/\/www.electrogrup.es\/ca\/wp-json\/wp\/v2\/pages\/16063\/revisions"}],"predecessor-version":[{"id":23628,"href":"https:\/\/www.electrogrup.es\/ca\/wp-json\/wp\/v2\/pages\/16063\/revisions\/23628"}],"up":[{"embeddable":true,"href":"https:\/\/www.electrogrup.es\/ca\/wp-json\/wp\/v2\/pages\/16930"}],"wp:attachment":[{"href":"https:\/\/www.electrogrup.es\/ca\/wp-json\/wp\/v2\/media?parent=16063"}],"curies":[{"name":"wp","href":"https:\/\/api.w.org\/{rel}","templated":true}]}}