{"id":16064,"date":"2018-02-06T12:41:31","date_gmt":"2018-02-06T12:41:31","guid":{"rendered":"https:\/\/www.electrogrup.es\/servicio-tecnico-grupos-electrogenos\/"},"modified":"2022-11-25T12:20:11","modified_gmt":"2022-11-25T12:20:11","slug":"servei-tecnic-grups-electrogens","status":"publish","type":"page","link":"https:\/\/www.electrogrup.es\/ca\/generadors-electrics\/servei-tecnic-grups-electrogens\/","title":{"rendered":"Servei T\u00e8cnic Grups Electr\u00f2gens"},"content":{"rendered":"<div class=\"wpb-content-wrapper\"><p>[vc_row css_animation=&#8221;&#8221; row_type=&#8221;row&#8221; use_row_as_full_screen_section=&#8221;no&#8221; type=&#8221;grid&#8221; angled_section=&#8221;no&#8221; text_align=&#8221;left&#8221; background_image_as_pattern=&#8221;without_pattern&#8221; padding_top=&#8221;60&#8243; padding_bottom=&#8221;60&#8243; z_index=&#8221;&#8221;][vc_column width=&#8221;1\/2&#8243;][vc_empty_space][vc_column_text]<\/p>\n<h2 class=\"p1\">Assist\u00e8ncia t\u00e8cnica de <span style=\"color: #dd3333;\">Grups Electr\u00f2gens<\/span><\/h2>\n<p>[\/vc_column_text][vc_separator type=&#8221;small&#8221; position=&#8221;center&#8221; color=&#8221;#000000&#8243; thickness=&#8221;2&#8243; up=&#8221;20&#8243;][vc_column_text]<\/p>\n<p>Adequaci\u00f3 i reparaci\u00f3 de <strong>grups electr\u00f2gens<\/strong>. Motors, alternadors, quadres el\u00e8ctrics de control, pot\u00e8ncia \u2026<\/p>\n<p>Analitzem la seva avaria i valorem sense comprom\u00eds la millor soluci\u00f3.<\/p>\n<p>Oferim als nostres clients Assist\u00e8ncia T\u00e8cnica 24 hores, per davant de qualsevol problema o imprevist, ja sigui en <strong>grups electr\u00f2gens<\/strong> de la nostra flota de lloguer com en instal\u00b7lacions del client, poder atendre a qualsevol hora del dia durant els 365 dies de l\u2019any.<\/p>\n<p>[\/vc_column_text][vc_empty_space][\/vc_column][vc_column width=&#8221;1\/2&#8243;][vc_column_text]<img decoding=\"async\" style=\"width: 100%;\" title=\"Servicio t\u00e9cnico grupos electr\u00f3genos\" src=\"https:\/\/www.electrogrup.es\/wp-content\/uploads\/2018\/02\/mantenimiento-grupos-electrogenos.jpg\" alt=\"Servicio t\u00e9cnico grupos electr\u00f3genos\" \/>[\/vc_column_text][\/vc_column][\/vc_row][vc_row css_animation=&#8221;&#8221; row_type=&#8221;row&#8221; use_row_as_full_screen_section=&#8221;no&#8221; type=&#8221;grid&#8221; angled_section=&#8221;no&#8221; text_align=&#8221;left&#8221; background_image_as_pattern=&#8221;without_pattern&#8221; background_color=&#8221;#f2f2f2&#8243; padding_top=&#8221;60&#8243; padding_bottom=&#8221;60&#8243; z_index=&#8221;&#8221;][vc_column][vc_column_text]<\/p>\n<p class=\"p1\">Transport i grues per a <span style=\"color: #dd3333;\">generadors el\u00e8ctrics<\/span><\/p>\n<p>[\/vc_column_text][vc_separator type=&#8221;small&#8221; position=&#8221;center&#8221; color=&#8221;#000000&#8243; thickness=&#8221;2&#8243; up=&#8221;20&#8243;][vc_gallery type=&#8221;image_grid&#8221; images=&#8221;16036,16037,16038,16039,16040&#8243; img_size=&#8221;500&#215;300&#8243; column_number=&#8221;5&#8243; grayscale=&#8221;no&#8221; images_space=&#8221;gallery_with_space&#8221; css=&#8221;.vc_custom_1517922320245{padding-top: 20px !important;}&#8221;][vc_column_text css=&#8221;.vc_custom_1617190017544{padding-top: 0px !important;}&#8221;]Moviment, trasllat i muntatge de maquin\u00e0ria pesada per a la ind\u00fastria i construcci\u00f3. Muntatges industrials. Grues autocarregadores de gran toneje per a moviment de maquin\u00e0ria pesada.[\/vc_column_text][\/vc_column][\/vc_row][vc_row css_animation=&#8221;&#8221; row_type=&#8221;row&#8221; use_row_as_full_screen_section=&#8221;no&#8221; type=&#8221;grid&#8221; angled_section=&#8221;no&#8221; text_align=&#8221;left&#8221; background_image_as_pattern=&#8221;without_pattern&#8221; padding_top=&#8221;60&#8243; padding_bottom=&#8221;60&#8243; z_index=&#8221;&#8221;][vc_column][vc_column_text]<\/p>\n<p class=\"p1\">Sol\u00b7liciteu m\u00e9s informaci\u00f3 i ens posarem en contacte<\/p>\n<p>[\/vc_column_text][vc_separator type=&#8221;small&#8221; position=&#8221;center&#8221; color=&#8221;#000000&#8243; thickness=&#8221;2&#8243; up=&#8221;20&#8243;][vc_row_inner row_type=&#8221;row&#8221; type=&#8221;full_width&#8221; text_align=&#8221;left&#8221; css_animation=&#8221;&#8221;][vc_column_inner width=&#8221;1\/5&#8243;][\/vc_column_inner][vc_column_inner width=&#8221;3\/5&#8243;]\n<div class=\"wpcf7 no-js\" id=\"wpcf7-f23612-o1\" lang=\"es-ES\" dir=\"ltr\" data-wpcf7-id=\"23612\">\n<div class=\"screen-reader-response\"><p role=\"status\" aria-live=\"polite\" aria-atomic=\"true\"><\/p> <ul><\/ul><\/div>\n<form action=\"\/ca\/wp-json\/wp\/v2\/pages\/16064#wpcf7-f23612-o1\" method=\"post\" class=\"wpcf7-form init cf7_custom_style_1\" aria-label=\"Formulario de contacto\" novalidate=\"novalidate\" data-status=\"init\">\n<fieldset class=\"hidden-fields-container\"><input type=\"hidden\" name=\"_wpcf7\" value=\"23612\" \/><input type=\"hidden\" name=\"_wpcf7_version\" value=\"6.1.5\" \/><input type=\"hidden\" name=\"_wpcf7_locale\" value=\"es_ES\" \/><input type=\"hidden\" name=\"_wpcf7_unit_tag\" value=\"wpcf7-f23612-o1\" \/><input type=\"hidden\" name=\"_wpcf7_container_post\" value=\"0\" \/><input type=\"hidden\" name=\"_wpcf7_posted_data_hash\" value=\"\" \/><input type=\"hidden\" name=\"_wpcf7_recaptcha_response\" value=\"\" \/>\n<\/fieldset>\n<div id=\"responsive-form\" class=\"clearfix\">\n \t<div class=\"form-row\">\n\t\t<div class=\"three-columns\">Nom* <span class=\"wpcf7-form-control-wrap\" data-name=\"nombre\"><input size=\"40\" maxlength=\"400\" class=\"wpcf7-form-control wpcf7-text wpcf7-validates-as-required\" aria-required=\"true\" aria-invalid=\"false\" value=\"\" type=\"text\" name=\"nombre\" \/><\/span><\/div>\n\t\t<div class=\"three-columns\">Cognom* <span class=\"wpcf7-form-control-wrap\" data-name=\"apellidos\"><input size=\"40\" maxlength=\"400\" class=\"wpcf7-form-control wpcf7-text wpcf7-validates-as-required\" aria-required=\"true\" aria-invalid=\"false\" value=\"\" type=\"text\" name=\"apellidos\" \/><\/span><\/div>\n\t\t<div class=\"three-columns\">Empresa <span class=\"wpcf7-form-control-wrap\" data-name=\"empresa\"><input size=\"40\" maxlength=\"400\" class=\"wpcf7-form-control wpcf7-text\" aria-invalid=\"false\" value=\"\" type=\"text\" name=\"empresa\" \/><\/span><\/div>\n\t<\/div>\n\t<span class=\"wpcf7-form-control-wrap\" data-name=\"camapanya\"><input size=\"40\" maxlength=\"400\" class=\"wpcf7-form-control wpcf7-text wpcf7-validates-as-required campo_campana\" aria-required=\"true\" aria-invalid=\"false\" value=\"\" type=\"text\" name=\"camapanya\" \/><\/span>\n\t<div class=\"form-row\">\n\t\t<div class=\"three-columns\">Tel\u00e8fon* <span class=\"wpcf7-form-control-wrap\" data-name=\"your-phone\"><input size=\"40\" maxlength=\"400\" class=\"wpcf7-form-control wpcf7-text wpcf7-validates-as-required\" aria-required=\"true\" aria-invalid=\"false\" value=\"\" type=\"text\" name=\"your-phone\" \/><\/span><\/div>\n\t\t<div class=\"three-columns\">Email* <span class=\"wpcf7-form-control-wrap\" data-name=\"your-email\"><input size=\"40\" maxlength=\"400\" class=\"wpcf7-form-control wpcf7-email wpcf7-validates-as-required wpcf7-text wpcf7-validates-as-email\" aria-required=\"true\" aria-invalid=\"false\" value=\"\" type=\"email\" name=\"your-email\" \/><\/span><\/div>\n\t\t<div class=\"three-columns\">Servei* <span class=\"wpcf7-form-control-wrap\" data-name=\"servicios\"><select class=\"wpcf7-form-control wpcf7-select wpcf7-validates-as-required\" aria-required=\"true\" aria-invalid=\"false\" name=\"servicios\"><option value=\"Lloguer\">Lloguer<\/option><option value=\"Venda\">Venda<\/option><option value=\"Manteniment i reparacions\">Manteniment i reparacions<\/option><\/select><\/span><\/div>\n\t<\/div>\n\n\t<div class=\"form-row\">\n\t\t<div class=\"one-column\">Missatge*  <span class=\"wpcf7-form-control-wrap\" data-name=\"your-message\"><textarea cols=\"40\" rows=\"10\" maxlength=\"2000\" class=\"wpcf7-form-control wpcf7-textarea\" aria-invalid=\"false\" name=\"your-message\"><\/textarea><\/span><\/div>\n\t<\/div>\n \n\t<div class=\"form-row\">\n                <span class=\"wpcf7-form-control-wrap\" data-name=\"acceptance-831\"><span class=\"wpcf7-form-control wpcf7-acceptance\"><span class=\"wpcf7-list-item\"><label><input type=\"checkbox\" name=\"acceptance-831\" value=\"1\" aria-invalid=\"false\" \/><span class=\"wpcf7-list-item-label\">He llegit i accepte la <a href=\"\/politica-de-privacidad\">pol\u00edtica de privacitat<\/a>.<\/span><\/label><\/span><\/span><\/span>\n\t\t<div class=\"one-column\"><input class=\"wpcf7-form-control wpcf7-submit has-spinner\" type=\"submit\" value=\"Enviar\" \/><\/div>\n\t<\/div>\n<\/div><div class=\"wpcf7-response-output\" aria-hidden=\"true\"><\/div>\n<\/form>\n<\/div>\n[\/vc_column_inner][vc_column_inner width=&#8221;1\/5&#8243;][\/vc_column_inner][\/vc_row_inner][vc_row_inner row_type=&#8221;row&#8221; type=&#8221;full_width&#8221; text_align=&#8221;left&#8221; css_animation=&#8221;&#8221;][vc_column_inner width=&#8221;5\/6&#8243; offset=&#8221;vc_hidden-lg vc_hidden-md vc_hidden-sm&#8221;][vc_column_text]<\/p>\n<h4 style=\"text-align: center;\">Per a m\u00e9s informaci\u00f3, truqui\u2019ns<\/h4>\n<p>[\/vc_column_text][\/vc_column_inner][vc_column_inner width=&#8221;1\/6&#8243; offset=&#8221;vc_hidden-lg vc_hidden-md vc_hidden-sm&#8221;][vc_raw_html]JTNDYSUyMG9uY2xpY2slM0QlMjJfZ2FxLnB1c2glMjglNUIlMjAlMjdfdHJhY2tFdmVudCUyNyUyQyUyN2xsYW1hZGElMjclMkMlMjdsbGFtYWRhLXBhZ2luYS1zZXJ2aWNpb3RlY25pY28lMjclMkMlMjdDbGljayUyMGVuJTIwbGxhbWFyJTIwZW4lMjBwJUMzJUExZ2luYSUyMHNlcnZpY2lvdGVjbmljbyUyMENBVCUyNyU1RCUyOSUzQiUyMiUyMGl0ZW1wcm9wJTNEJTIydXJsJTIyJTIwaHJlZiUzRCUyMnRlbCUzQTk2NDIwMTAyMCUyMiUyMHRhcmdldCUzRCUyMl9zZWxmJTIyJTIwY2xhc3MlM0QlMjJxYnV0dG9uJTIwJTIwbWVkaXVtJTIwZGVmYXVsdCUyMiUzRVRSVUNBUiUzQ2klMjBjbGFzcyUzRCUyMnFvZGVfaWNvbl9mb250X2F3ZXNvbWUlMjBmYSUyMGZhLXBob25lJTIwcW9kZV9idXR0b25faWNvbl9lbGVtZW50JTIyJTIwc3R5bGUlM0QlMjIlMjIlM0UlM0MlMkZpJTNFJTNDJTJGYSUzRQ==[\/vc_raw_html][\/vc_column_inner][\/vc_row_inner][\/vc_column][\/vc_row]<\/p>\n<\/div>","protected":false},"excerpt":{"rendered":"<p>[vc_row css_animation=&#8221;&#8221; row_type=&#8221;row&#8221; use_row_as_full_screen_section=&#8221;no&#8221; type=&#8221;grid&#8221; angled_section=&#8221;no&#8221; text_align=&#8221;left&#8221; background_image_as_pattern=&#8221;without_pattern&#8221; padding_top=&#8221;60&#8243; padding_bottom=&#8221;60&#8243; z_index=&#8221;&#8221;][vc_column width=&#8221;1\/2&#8243;][vc_empty_space][vc_column_text] Assist\u00e8ncia t\u00e8cnica de Grups Electr\u00f2gens [\/vc_column_text][vc_separator type=&#8221;small&#8221; position=&#8221;center&#8221; color=&#8221;#000000&#8243; thickness=&#8221;2&#8243; up=&#8221;20&#8243;][vc_column_text] Adequaci\u00f3 i reparaci\u00f3 de grups electr\u00f2gens. Motors, alternadors, quadres el\u00e8ctrics de control, pot\u00e8ncia \u2026 Analitzem la seva avaria i valorem sense comprom\u00eds&#8230;<\/p>\n","protected":false},"author":2,"featured_media":0,"parent":16930,"menu_order":0,"comment_status":"closed","ping_status":"closed","template":"full_width.php","meta":{"footnotes":""},"class_list":["post-16064","page","type-page","status-publish","hentry"],"_links":{"self":[{"href":"https:\/\/www.electrogrup.es\/ca\/wp-json\/wp\/v2\/pages\/16064","targetHints":{"allow":["GET"]}}],"collection":[{"href":"https:\/\/www.electrogrup.es\/ca\/wp-json\/wp\/v2\/pages"}],"about":[{"href":"https:\/\/www.electrogrup.es\/ca\/wp-json\/wp\/v2\/types\/page"}],"author":[{"embeddable":true,"href":"https:\/\/www.electrogrup.es\/ca\/wp-json\/wp\/v2\/users\/2"}],"replies":[{"embeddable":true,"href":"https:\/\/www.electrogrup.es\/ca\/wp-json\/wp\/v2\/comments?post=16064"}],"version-history":[{"count":18,"href":"https:\/\/www.electrogrup.es\/ca\/wp-json\/wp\/v2\/pages\/16064\/revisions"}],"predecessor-version":[{"id":23620,"href":"https:\/\/www.electrogrup.es\/ca\/wp-json\/wp\/v2\/pages\/16064\/revisions\/23620"}],"up":[{"embeddable":true,"href":"https:\/\/www.electrogrup.es\/ca\/wp-json\/wp\/v2\/pages\/16930"}],"wp:attachment":[{"href":"https:\/\/www.electrogrup.es\/ca\/wp-json\/wp\/v2\/media?parent=16064"}],"curies":[{"name":"wp","href":"https:\/\/api.w.org\/{rel}","templated":true}]}}