{"id":16065,"date":"2018-02-06T12:31:30","date_gmt":"2018-02-06T12:31:30","guid":{"rendered":"https:\/\/www.electrogrup.es\/mantenimiento-grupos-electrogenos\/"},"modified":"2022-11-25T12:19:21","modified_gmt":"2022-11-25T12:19:21","slug":"manteniment-grups-electrogens","status":"publish","type":"page","link":"https:\/\/www.electrogrup.es\/ca\/generadors-electrics\/manteniment-grups-electrogens\/","title":{"rendered":"Manteniment Grups Electr\u00f2gens"},"content":{"rendered":"<div class=\"wpb-content-wrapper\"><p>[vc_row css_animation=&#8221;&#8221; row_type=&#8221;row&#8221; use_row_as_full_screen_section=&#8221;no&#8221; type=&#8221;grid&#8221; angled_section=&#8221;no&#8221; text_align=&#8221;left&#8221; background_image_as_pattern=&#8221;without_pattern&#8221; padding_top=&#8221;60&#8243; padding_bottom=&#8221;60&#8243; z_index=&#8221;&#8221;][vc_column width=&#8221;1\/2&#8243;][vc_empty_space][vc_column_text]<\/p>\n<h2 class=\"p1\">Manteniment de <span style=\"color: #dd3333;\">grups electr\u00f2gens<\/span><\/h2>\n<p>[\/vc_column_text][vc_separator type=&#8221;small&#8221; position=&#8221;center&#8221; color=&#8221;#000000&#8243; thickness=&#8221;2&#8243; up=&#8221;20&#8243;][vc_column_text]<\/p>\n<p>Confieu el manteniment del seu generador el\u00e8ctric i asseguri un correcte funcionament i un augment de la seva vida \u00fatil. Manteniments predictius, preventius i correctius.<\/p>\n<p>Contractes de manteniment segons les necessitats de cada client.<\/p>\n<p>Ens adaptem a les seves jornades de treball, realitzant els treballs de manteniment de grups electr\u00f2gens en l\u2019horari que menys li afecti.<\/p>\n<p>Recanvis i recanvis de tots els fabricants.<\/p>\n<p>[\/vc_column_text][vc_empty_space][\/vc_column][vc_column width=&#8221;1\/2&#8243;][vc_column_text]<img decoding=\"async\" style=\"width: 100%;\" title=\"Mantenimiento de generadores el\u00e9ctricos comunidad valenciana\" src=\"https:\/\/www.electrogrup.es\/wp-content\/uploads\/2018\/02\/mantenimiento-grupos-electricos-castellon.jpg\" alt=\"Mantenimiento de generadores el\u00e9ctricos comunidad valenciana\" \/>[\/vc_column_text][\/vc_column][\/vc_row][vc_row css_animation=&#8221;&#8221; row_type=&#8221;row&#8221; use_row_as_full_screen_section=&#8221;no&#8221; type=&#8221;grid&#8221; angled_section=&#8221;no&#8221; text_align=&#8221;left&#8221; background_image_as_pattern=&#8221;without_pattern&#8221; background_color=&#8221;#f2f2f2&#8243; padding_top=&#8221;60&#8243; padding_bottom=&#8221;60&#8243; z_index=&#8221;&#8221;][vc_column width=&#8221;1\/2&#8243;][vc_column_text]<img decoding=\"async\" style=\"width: 100%;\" title=\"Mantenimiento de generadores el\u00e9ctricos catalunya\" src=\"https:\/\/www.electrogrup.es\/wp-content\/uploads\/2018\/02\/mantenimiento-grupos-electricos-tarragona.jpg\" alt=\"Mantenimiento de generadores el\u00e9ctricos catalunya\" \/>[\/vc_column_text][\/vc_column][vc_column width=&#8221;1\/2&#8243;][vc_empty_space][vc_column_text]<\/p>\n<p class=\"p1\">Proves de <span style=\"color: #dd3333;\">grups electr\u00f2gens<\/span> amb banc de c\u00e0rrega<\/p>\n<p>[\/vc_column_text][vc_separator type=&#8221;small&#8221; position=&#8221;center&#8221; color=&#8221;#000000&#8243; thickness=&#8221;2&#8243; up=&#8221;20&#8243;][vc_column_text]<\/p>\n<p>En instal\u00b7lacions on no \u00e9s possible realitzar proves de commutaci\u00f3 amb c\u00e0rrega o on la c\u00e0rrega aplicada al <strong>grup electrogen<\/strong> \u00e9s menor del 30%, \u00e9s recomanable aplicar c\u00e0rregues per comprovar el correcte funcionament de l\u2019equip, aix\u00ed com garantir que no es formen residus en els circuits de injecci\u00f3 i escapament per treball a baix rendiment del motor, millorant notablement les emissions a l\u2019atmosfera i el rendiment del motor.<\/p>\n<p>En acabar la prova es genera un informe amb les dades dels assajos realitzats i mesures comprovades.<\/p>\n<p>[\/vc_column_text][\/vc_column][\/vc_row][vc_row css_animation=&#8221;&#8221; row_type=&#8221;row&#8221; use_row_as_full_screen_section=&#8221;no&#8221; type=&#8221;grid&#8221; angled_section=&#8221;no&#8221; text_align=&#8221;left&#8221; background_image_as_pattern=&#8221;without_pattern&#8221; padding_top=&#8221;60&#8243; padding_bottom=&#8221;60&#8243; z_index=&#8221;&#8221;][vc_column][vc_column_text]<\/p>\n<p class=\"p1\">Sol\u00b7liciteu m\u00e9s informaci\u00f3 i ens posarem en contacte<\/p>\n<p>[\/vc_column_text][vc_separator type=&#8221;small&#8221; position=&#8221;center&#8221; color=&#8221;#000000&#8243; thickness=&#8221;2&#8243; up=&#8221;20&#8243;][vc_row_inner row_type=&#8221;row&#8221; type=&#8221;full_width&#8221; text_align=&#8221;left&#8221; css_animation=&#8221;&#8221;][vc_column_inner width=&#8221;1\/5&#8243;][\/vc_column_inner][vc_column_inner width=&#8221;3\/5&#8243;]\n<div class=\"wpcf7 no-js\" id=\"wpcf7-f23612-o1\" lang=\"es-ES\" dir=\"ltr\" data-wpcf7-id=\"23612\">\n<div class=\"screen-reader-response\"><p role=\"status\" aria-live=\"polite\" aria-atomic=\"true\"><\/p> <ul><\/ul><\/div>\n<form action=\"\/ca\/wp-json\/wp\/v2\/pages\/16065#wpcf7-f23612-o1\" method=\"post\" class=\"wpcf7-form init cf7_custom_style_1\" aria-label=\"Formulario de contacto\" novalidate=\"novalidate\" data-status=\"init\">\n<fieldset class=\"hidden-fields-container\"><input type=\"hidden\" name=\"_wpcf7\" value=\"23612\" \/><input type=\"hidden\" name=\"_wpcf7_version\" value=\"6.1.5\" \/><input type=\"hidden\" name=\"_wpcf7_locale\" value=\"es_ES\" \/><input type=\"hidden\" name=\"_wpcf7_unit_tag\" value=\"wpcf7-f23612-o1\" \/><input type=\"hidden\" name=\"_wpcf7_container_post\" value=\"0\" \/><input type=\"hidden\" name=\"_wpcf7_posted_data_hash\" value=\"\" \/><input type=\"hidden\" name=\"_wpcf7_recaptcha_response\" value=\"\" \/>\n<\/fieldset>\n<div id=\"responsive-form\" class=\"clearfix\">\n \t<div class=\"form-row\">\n\t\t<div class=\"three-columns\">Nom* <span class=\"wpcf7-form-control-wrap\" data-name=\"nombre\"><input size=\"40\" maxlength=\"400\" class=\"wpcf7-form-control wpcf7-text wpcf7-validates-as-required\" aria-required=\"true\" aria-invalid=\"false\" value=\"\" type=\"text\" name=\"nombre\" \/><\/span><\/div>\n\t\t<div class=\"three-columns\">Cognom* <span class=\"wpcf7-form-control-wrap\" data-name=\"apellidos\"><input size=\"40\" maxlength=\"400\" class=\"wpcf7-form-control wpcf7-text wpcf7-validates-as-required\" aria-required=\"true\" aria-invalid=\"false\" value=\"\" type=\"text\" name=\"apellidos\" \/><\/span><\/div>\n\t\t<div class=\"three-columns\">Empresa <span class=\"wpcf7-form-control-wrap\" data-name=\"empresa\"><input size=\"40\" maxlength=\"400\" class=\"wpcf7-form-control wpcf7-text\" aria-invalid=\"false\" value=\"\" type=\"text\" name=\"empresa\" \/><\/span><\/div>\n\t<\/div>\n\t<span class=\"wpcf7-form-control-wrap\" data-name=\"camapanya\"><input size=\"40\" maxlength=\"400\" class=\"wpcf7-form-control wpcf7-text wpcf7-validates-as-required campo_campana\" aria-required=\"true\" aria-invalid=\"false\" value=\"\" type=\"text\" name=\"camapanya\" \/><\/span>\n\t<div class=\"form-row\">\n\t\t<div class=\"three-columns\">Tel\u00e8fon* <span class=\"wpcf7-form-control-wrap\" data-name=\"your-phone\"><input size=\"40\" maxlength=\"400\" class=\"wpcf7-form-control wpcf7-text wpcf7-validates-as-required\" aria-required=\"true\" aria-invalid=\"false\" value=\"\" type=\"text\" name=\"your-phone\" \/><\/span><\/div>\n\t\t<div class=\"three-columns\">Email* <span class=\"wpcf7-form-control-wrap\" data-name=\"your-email\"><input size=\"40\" maxlength=\"400\" class=\"wpcf7-form-control wpcf7-email wpcf7-validates-as-required wpcf7-text wpcf7-validates-as-email\" aria-required=\"true\" aria-invalid=\"false\" value=\"\" type=\"email\" name=\"your-email\" \/><\/span><\/div>\n\t\t<div class=\"three-columns\">Servei* <span class=\"wpcf7-form-control-wrap\" data-name=\"servicios\"><select class=\"wpcf7-form-control wpcf7-select wpcf7-validates-as-required\" aria-required=\"true\" aria-invalid=\"false\" name=\"servicios\"><option value=\"Lloguer\">Lloguer<\/option><option value=\"Venda\">Venda<\/option><option value=\"Manteniment i reparacions\">Manteniment i reparacions<\/option><\/select><\/span><\/div>\n\t<\/div>\n\n\t<div class=\"form-row\">\n\t\t<div class=\"one-column\">Missatge*  <span class=\"wpcf7-form-control-wrap\" data-name=\"your-message\"><textarea cols=\"40\" rows=\"10\" maxlength=\"2000\" class=\"wpcf7-form-control wpcf7-textarea\" aria-invalid=\"false\" name=\"your-message\"><\/textarea><\/span><\/div>\n\t<\/div>\n \n\t<div class=\"form-row\">\n                <span class=\"wpcf7-form-control-wrap\" data-name=\"acceptance-831\"><span class=\"wpcf7-form-control wpcf7-acceptance\"><span class=\"wpcf7-list-item\"><label><input type=\"checkbox\" name=\"acceptance-831\" value=\"1\" aria-invalid=\"false\" \/><span class=\"wpcf7-list-item-label\">He llegit i accepte la <a href=\"\/politica-de-privacidad\">pol\u00edtica de privacitat<\/a>.<\/span><\/label><\/span><\/span><\/span>\n\t\t<div class=\"one-column\"><input class=\"wpcf7-form-control wpcf7-submit has-spinner\" type=\"submit\" value=\"Enviar\" \/><\/div>\n\t<\/div>\n<\/div><div class=\"wpcf7-response-output\" aria-hidden=\"true\"><\/div>\n<\/form>\n<\/div>\n[\/vc_column_inner][vc_column_inner width=&#8221;1\/5&#8243;][\/vc_column_inner][\/vc_row_inner][vc_row_inner row_type=&#8221;row&#8221; type=&#8221;full_width&#8221; text_align=&#8221;left&#8221; css_animation=&#8221;&#8221;][vc_column_inner width=&#8221;5\/6&#8243; offset=&#8221;vc_hidden-lg vc_hidden-md vc_hidden-sm&#8221;][vc_column_text]<\/p>\n<h4 style=\"text-align: center;\"><strong>Per a m\u00e9s informaci\u00f3, truqui\u2019ns<\/strong><\/h4>\n<p>[\/vc_column_text][\/vc_column_inner][vc_column_inner width=&#8221;1\/6&#8243; offset=&#8221;vc_hidden-lg vc_hidden-md vc_hidden-sm&#8221;][vc_raw_html]JTNDYSUyMG9uY2xpY2slM0QlMjJfZ2FxLnB1c2glMjglNUIlMjAlMjdfdHJhY2tFdmVudCUyNyUyQyUyN2xsYW1hZGElMjclMkMlMjdsbGFtYWRhLXBhZ2luYS1tYW50ZW5pbWllbnRvJTI3JTJDJTI3Q2xpY2slMjBlbiUyMGxsYW1hciUyMGVuJTIwcCVDMyVBMWdpbmElMjBtYW50ZW5pbWllbnRvJTI3JTVEJTI5JTNCJTIyJTIwaXRlbXByb3AlM0QlMjJ1cmwlMjIlMjBocmVmJTNEJTIydGVsJTNBOTY0MjAxMDIwJTIyJTIwdGFyZ2V0JTNEJTIyX3NlbGYlMjIlMjBjbGFzcyUzRCUyMnFidXR0b24lMjAlMjBtZWRpdW0lMjBkZWZhdWx0JTIyJTNFVFJVQ0FSJTNDaSUyMGNsYXNzJTNEJTIycW9kZV9pY29uX2ZvbnRfYXdlc29tZSUyMGZhJTIwZmEtcGhvbmUlMjBxb2RlX2J1dHRvbl9pY29uX2VsZW1lbnQlMjIlMjBzdHlsZSUzRCUyMiUyMiUzRSUzQyUyRmklM0UlM0MlMkZhJTNF[\/vc_raw_html][\/vc_column_inner][\/vc_row_inner][\/vc_column][\/vc_row][vc_row css_animation=&#8221;&#8221; row_type=&#8221;row&#8221; use_row_as_full_screen_section=&#8221;no&#8221; type=&#8221;grid&#8221; angled_section=&#8221;no&#8221; text_align=&#8221;left&#8221; background_image_as_pattern=&#8221;without_pattern&#8221; background_color=&#8221;#f2f2f2&#8243; padding_top=&#8221;60&#8243; padding_bottom=&#8221;60&#8243; z_index=&#8221;&#8221;][vc_column][vc_column_text]<\/p>\n<p class=\"p1\">Electrogrup Grups <span style=\"color: #dd3333;\">Electr\u00f2gens<\/span><\/p>\n<p>[\/vc_column_text][vc_separator type=&#8221;small&#8221; position=&#8221;center&#8221; color=&#8221;#000000&#8243; thickness=&#8221;2&#8243; up=&#8221;20&#8243;][vc_raw_html]JTNDZGl2JTIwY2xhc3MlM0QlMjJibG9xdWVkZXNjcmlwY2lvbiUyMiUzRSUwQSUwQSUzQ2RpdiUyMGNsYXNzJTNEJTIyZGVzY3JpcGNpb25sYXJnYSUyMiUzRSUwQSUwQSUzQ3AlM0VVbiUyMCUzQ3N0cm9uZyUzRWdydXAlMjBlbGVjdHJvZ2VuJTNDJTJGc3Ryb25nJTNFJTIwJUMzJUE5cyUyMHVuYSUyMG0lQzMlQTBxdWluYSUyMHF1ZSUyMGZ1bmNpb25hJTIwZGUlMjBtYW5lcmElMjBjb250JUMzJUFEbnVhJTIwaSUyMHBlciUyMGFpeCVDMyVCMiUyMHQlQzMlQTklMjB1biUyMGRlc2dhc3QlMjBpbXBvcnRhbnQlMjBlbiUyMGxlcyUyMHNldWVzJTIwZGlzdGludGVzJTIwcGVjZXMuJTIwRWwlMjAlM0NzdHJvbmclM0VtYW50ZW5pbWVudCUyMGRlJTIwZ3J1cHMlMjBlbGVjdHIlQzMlQjJnZW5zJTNDJTJGc3Ryb25nJTNFJTIwJUMzJUE5cyUyMGZvbmFtZW50YWwlMjBwZXJxdSVDMyVBOCUyMGVzdG9zJTIwZXF1aXBzJTIwZ2VuZXJhZG9ycyUyMGQlRTIlODAlOTllbGVjdHJpY2l0YXQlMjBvZmVyaXNxdWVuJTIwc2VtcHJlJTIwZWwlMjBmdW5jaW9uYW1lbnQlMjBtJUMzJUE5cyUyMCVDMyVCMnB0aW0lMjBlbiUyMHF1YWxzZXZvbCUyMG9jYXNpJUMzJUIzJTIwZW4lMjBxdSVDMyVBOCUyMGVzJTIwcmVxdWVyaXNjYSUyMGVsJTIwc2V1JTIwZnVuY2lvbmFtZW50LiUzQyUyRnAlM0UlMEElM0NwJTNFJUMzJTg5cyUyMGltcG9ydGFudCUyMHF1ZSUyMGVscyUyMCUzQ3N0cm9uZyUzRWdlbmVyYWRvcnMlMjBlbCVDMyVBOGN0cmljcyUzQyUyRnN0cm9uZyUzRSUyMGVzdGlndWVuJTIwYmVuJTIwbWFudGluZ3V0cyUyMGklMjB0b3RzJTIwZWxzJTIwZXF1aXBzJTIwY29tcGxlbWVudGFyaXMlMkMlMjBjb20lMjBzJUMzJUIzbiUyMGVscyUyMGNhYmxlcyUyQyUyMGNvbm5lY3RvcnMlMjBpJTIwZWxzJTIwZGlzdGludHMlMjBlbGVtZW50cyUyMHF1ZSUyMGNvbmZvcm1lbiUyMGxhJTIwaW5zdGFsJUMyJUI3bGFjaSVDMyVCMyUyMGZ1bmNpb25lbiUyMGNvcnJlY3RhbWVudCUyMGklMjBjb21wbGlzcXVlbiUyMGFtYiUyMGxhJTIwc2V1YSUyMGZ1bmNpJUMzJUIzLiUyMFBlciUyMGElMjBhaXglQzMlQjIlMkMlMjAlQzMlQTlzJTIwbmVjZXNzYXJpJTIwcmVhbGl0emFyJTIwdW4lMjAlM0NzdHJvbmclM0VtYW50ZW5pbWVudCUyMHByZXZlbnRpdSUyMGRlbHMlMjBnZW5lcmFkb3JzJTIwZWwlQzMlQThjdHJpY3MlM0MlMkZzdHJvbmclM0UlMkMlMjBhbnRpY2lwYW50LXNlJTIwYSUyMHRvdHMlMjBlbHMlMjBwcm9ibGVtZXMlMjBxdWUlMjBwdWd1ZW4lMjBzb3JnaXIlMjBwZXIlMjBkZXNnYXN0JTIwZGVscyUyMGNvbXBvbmVudHMlMjBvJTIwcnVwdHVyYSUyMGQlRTIlODAlOTlhbGd1biUyMGRlbHMlMjBjb25uZWN0b3JzJTIwZGVscyUyMCUzQ3N0cm9uZyUzRWdlbmVyYWRvcnMuJTNDJTJGc3Ryb25nJTNFJTNDJTJGcCUzRSUwQSUwQSUzQyUyRmRpdiUzRSUwQSUwQSUzQ2RpdiUyMGNsYXNzJTNEJTIyZGVzY3JpcGNpb25sYXJnYW1hcyUyMiUyMHN0eWxlJTNEJTIyZGlzcGxheSUzQW5vbmUlM0IlMjIlM0UlMEElMEElMjAlMjAlMjAlMjAlM0NwJTNFQ2FkYSUyMHRpcHVzJTIwZGUlMjAlM0NzdHJvbmclM0VnZW5lcmFkb3JzJTIwZWwlQzMlQThjdHJpY3MlM0MlMkZzdHJvbmclM0UlMjByZXF1ZXJpeCUyMHVuJTIwdGlwdXMlMjBkZSUyMG1hbnRlbmltZW50JTIwaSUyMGxlcyUyMG5lY2Vzc2l0YXRzJTIwY2FkYSUyMHVuJTIwZCVFMiU4MCU5OWVsbHMlMjBoYSUyMGRlJTIwdGluZHJlJUUyJTgwJTk5cyUyMGVuJTIwY29tcHRlJTIwcGVyJTIwYSUyMGNvbmZlY2Npb25hciUyMHVuJTIwcHJvZ3JhbWElMjBkZSUyMG1hbnRlbmltZW50JTIwcXVlJTIwYXJyZXBsZWd1ZSUyMGVzcGVjaWYlQzMlQURjYW1lbnQlMjBlaXhlcyUyMGNhcmFjdGVyJUMzJUFEc3RpcXVlcy4lMjBUYW1iJUMzJUE5JTIwJUMzJUE5cyUyMG5lY2Vzc2FyaSUyMGNvbiVDMyVBOWl4ZXIlMjBsZXMlMjBuZWNlc3NpdGF0cyUyMGklMjBwYXJ0aWN1bGFyaXRhdHMlMjBkZSUyMGNhZGElMjBjbGllbnQlMkMlMjBwZXIlMjBhJTIwb2ZlcmlyJTIwZGUlMjBtYW5lcmElMjBwZXJzb25hbGl0emFkYSUyMGVsJTIwJTNDc3Ryb25nJTNFbWFudGVuaW1lbnQlMjBkZSUyMGdlbmVyYWRvcnMlMjAlM0MlMkZzdHJvbmclM0VxdWUlMjB1dGlsaXR6YSUyMGVuJTIwbGVzJTIwc2V1ZXMlMjBpbnN0YWwlQzIlQjdsYWNpb25zLiUzQyUyRnAlM0UlMEElM0NwJTNFRWwlMjAlM0NzdHJvbmclM0VtYW50ZW5pbWVudCUyMGRlJTIwZ2VuZXJhZG9ycyUyMGVsJUMzJUE4Y3RyaWNzJTIwYSUyMGRpJUMzJUE4c2VsJTNDJTJGc3Ryb25nJTNFJTI2bmJzcCUzQiUyMHBlcm1ldCUyMHF1ZSUyMGxlcyUyMHBlY2VzJTIwbWVjJUMzJUEwbmlxdWVzJTIwZnVuY2lvbmVuJTIwY29ycmVjdGFtZW50JTIwaSUyMGdlbmVyZW4lMjBsJUUyJTgwJTk5ZWxlY3RyaWNpdGF0JTIwbmVjZXNzJUMzJUEwcmlhJTIwcGVyJTIwYSUyMG9mZXJpciUyMGxlcyUyMHNvbHVjaW9ucyUyMG5lY2VzcyVDMyVBMHJpZXMlMjBwZXIlMjBhJTIwY2FkYSUyMHByb2plY3RlJTIwaSUyMHBlcm1ldGElMjBxdWUlMjBlbHMlMjBlc2RldmVuaW1lbnRzJTIwZGlzZnJ1dGVuJTIwZGUlMjBsJUUyJTgwJTk5ZW5lcmdpYSUyMHF1ZSUyMG5lY2Vzc2l0ZW4uJTNDJTJGcCUzRSUwQSUzQ3AlM0VFbCUyMCUzQ3N0cm9uZyUzRXNlcnZpY2klMjB0JUMzJUE4Y25pYyUzQyUyRnN0cm9uZyUzRSUyMGQlRTIlODAlOTlFbGVjdHJvZ3J1cCUyMG9mZXJpeCUyMGVsJTIwc2VydmljaSUyMGRlJTIwJTNDc3Ryb25nJTNFbWFudGVuaW1lbnQlMjZuYnNwJTNCJTIwZGUlMjBnZW5lcmFkb3JzJTIwZWwlQzMlQThjdHJpY3MlMjBkaSVDMyVBOHNlbCUyQyUyMCUzQyUyRnN0cm9uZyUzRWFtYiUyMHVuJTIwZXF1aXAlMjBkZSUyMHByb2Zlc3Npb25hbHMlMjBxdWUlMjByZWFsaXR6YSUyMGxhYm9ycyUyMGQlRTIlODAlOTlhc3Npc3QlQzMlQThuY2lhJTIwdCVDMyVBOGNuaWNhJTIwcGVyJTIwYSUyMHRpbmRyZSUyMHNlbXByZSUyMGVuJTIwZnVuY2lvbmFtZW50JTIwaSUyMGxsZXN0b3MlMjAlM0NzdHJvbmclM0VlbHMlMjBnZW5lcmFkb3JzJTIwZWwlQzMlQThjdHJpY3MlM0MlMkZzdHJvbmclM0UlMjBxdWUlMjB0JUMzJUE5JTIwY2FkYSUyMGNsaWVudC4lM0MlMkZwJTNFJTBBJTNDcCUzRUVsZWN0cm9ncnVwJTIwb2Zlcml4JTIwdW5hJTIwZ3JhbiUyMHZhcmlldGF0JTIwZGUlMjBjb250cmFjdGVzJTIwZGUlMjBtYW50ZW5pbWVudCUyMHBlcnF1JUMzJUE4JTIwZWwlMjBjbGllbnQlMjBwdWdhJTIwYWRhcHRhciUyMGVsJTIwc2VydmljaSUyMG9mZXJpdCUyMGElMjBsZXMlMjBwYXJ0aWN1bGFyaXRhdHMlMjBkZSUyMGNhZGElMjB1bmElMjBkZSUyMGxlcyUyMGVtcHJlc2VzLiUyMEVsJTIwc2VydmljaSUyMGRlJTIwJTNDc3Ryb25nJTNFbWFudGVuaW1lbnQlMjBwcmV2ZW50aXUlMjBkZSUyMGdydXAlMjBlbGVjdHJvZ2VuJTNDJTJGc3Ryb25nJTNFJTIwJUMzJUE5cyUyMHVuJTIwZGVscyUyMHByaW5jaXBhbHMlMkMlMjBqYSUyMHF1ZSUyMGQlRTIlODAlOTllc3RhJTIwbWFuZXJhJTIwZWxzJTIwdCVDMyVBOGNuaWNzJTIwcyVDMyVCM24lMjBjYXBhJUMzJUE3b3MlMjBkJUUyJTgwJTk5YW50aWNpcGFyLXNlJTIwYSUyMGwlRTIlODAlOTlhcGFyaWNpJUMzJUIzJTIwZCVFMiU4MCU5OWF2YXJpZXMlMjBpJTIwcHJvYmxlbWVzJTIwZGUlMjBmdW5jaW9uYW1lbnQlMjBlbiUyMGVscyUyMCUzQ3N0cm9uZyUzRWdlbmVyYWRvcnMlMjBlbCVDMyVBOGN0cmljcyUzQyUyRnN0cm9uZyUzRS4lM0MlMkZwJTNFJTBBJTNDcCUzRURlc3ByJUMzJUE5cyUyMGRlJTIwbGElMjB2ZW5kYSUyMG8lMjBsbG9ndWVyJTIwZGVsJTIwZ3J1cCUyMGVsZWN0cm9nZW4lMjBkaSVDMyVBOHNlbCUyQyUyMGVscyUyMHQlQzMlQThjbmljcyUyMGQlRTIlODAlOTlFbGVjdHJvZ3J1cCUyMHMlRTIlODAlOTllbmNhcnJlZ3VlbiUyMGRlJTIwcmVhbGl0emFyJTIwbGElMjBpbnN0YWwlQzIlQjdsYWNpJUMzJUIzJTIwZGUlMjBsJUUyJTgwJTk5ZXF1aXAlMkMlMjB1dGlsaXR6YW50JTIwdG90cyUyMGVscyUyMGVsZW1lbnRzJTIwbmVjZXNzYXJpcyUyMHBlciUyMGFsJTIwc2V1JTIwZnVuY2lvbmFtZW50JTIwY29ycmVjdGUlMjBpJTIwZXMlMjBwcm9jZWRpeCUyMGElMjBsYSUyMHBvc2FkYSUyMGVuJTIwbWFyeGElMjBkZWwlMjBtYXRlaXguJTIwRCVFMiU4MCU5OWVzdGElMjBtYW5lcmElMkMlMjBlc3RhbiUyMHByZXNlbnRzJTIwcXVhbiUyMGNvbWVuJUMzJUE3YSUyMGElMjBvZmVyaXIlMjBlbCUyMHNlcnZpY2klMjBpJTIwY29tcHJvdmVuJTIwcXVlJTIwdG90JTIwZnVuY2lvbmUlMjBjb3JyZWN0YW1lbnQlMjBpJTIwc2Vuc2UlMjBwcm9ibGVtZXMlMjBkZSUyMGNhcCUyMHRpcHVzLiUzQyUyRnAlM0UlMEElM0NwJTNFRGFycmVyZSUyMGRlJTIwbGElMjBmaXJtYSUyMGRlbCUyMGNvbnRyYWN0ZSUyMGRlJTIwbWFudGVuaW1lbnQlMkMlMjBlbCUyMHNlcnZpY2klMjB0JUMzJUE4Y25pYyUyMGVzdGFyJUMzJUEwJTIwcGVuZGVudCUyMGRlbCUyMGZ1bmNpb25hbWVudCUyMGNvcnJlY3RlJTIwZGVsJTIwZ2VuZXJhZG9yJTIwZWwlQzMlQThjdHJpYyUyMGklMjByZWFsaXR6YXIlQzMlQTAlMjBsZXMlMjBvcGVyYWNpb25zJTIwbmVjZXNzJUMzJUEwcmllcyUyMHBlcnF1JUMzJUE4JTIwbm8lMjBleGlzdGlzY2ElMjBjYXAlMjBwcm9ibGVtYSUyMGR1cmFudCUyMGVsJTIwcGVyJUMzJUFEb2RlJTIwZCVFMiU4MCU5OSVDMyVCQXMlMjBkZWwlMjBncnVwJTIwZWxlY3Ryb2dlbi4lM0MlMkZwJTNFJTBBJTNDcCUzRUElMjBtJUMzJUE5cyUyMGRlbCUyMG1hbnRlbmltZW50JTIwcHJldmVudGl1JTIwZGUlMjBncnVwcyUyMGVsZWN0ciVDMyVCMmdlbnMlMkMlMjBFbGVjdHJvZ3J1cCUyMGNvbXB0YSUyMGFtYiUyMHVuJTIwU2VydmljaSUyMGQlRTIlODAlOTlBc3Npc3QlQzMlQThuY2lhJTIwVCVDMyVBOGNuaWNhJTIwbGVzJTIwMjQlMjBob3JlcyUyMGRlbCUyMGRpYSUyQyUyMHBlciUyMGElMjBwb2RlciUyMGFjdWRpciUyMGFtYiUyMHJhcGlkZXNhJTIwYSUyMHF1YWxzZXZvbCUyMGxsb2MlMjBvbiUyMHNpZ2ElMjBuZWNlc3NhcmklMjBwZXIlMjBhJTIwc29sdWNpb25hciUyMHF1YWxzZXZvbCUyMGluY2lkJUMzJUE4bmNpYSUyMGVuJTIwZWxzJTIwZ3J1cHMlMjBlbGVjdHIlQzMlQjJnZW5zJTIwaW5zdGFsJUMyJUI3bGF0cy4lM0MlMkZwJTNFJTBBJTNDcCUzRUxhJTIwcHJvZmVzc2lvbmFsaXRhdCUyMGklMjBsJUUyJTgwJTk5ZWZpY2klQzMlQThuY2lhJTIwZGUlMjBsJUUyJTgwJTk5ZXF1aXAlMjB0JUMzJUE4Y25pYyUyMGQlRTIlODAlOTlFbGVjdHJvZ3J1cCUyMHBlcm1ldCUyMHF1ZSUyMHB1Z3VlbiUyMHJlYWxpdHphciUyMGVsJTIwJTNDc3Ryb25nJTNFbWFudGVuaW1lbnQlMjBwcmV2ZW50aXUlMjBkZWxzJTIwZ2VuZXJhZG9ycyUyMGVsJUMzJUE4Y3RyaWNzJTNDJTJGc3Ryb25nJTNFJTJDJTIwYSUyMG0lQzMlQTlzJTIwZGUlMjBwb2RlciUyMGFjdWRpciUyMGElMjBsZXMlMjBlbWVyZyVDMyVBOG5jaWVzJTIwcXVlJTIwZXMlMjBwcm9kdSVDMyVBRnNxdWVuJTIwYSUyMGNhdXNhJTIwZGUlMjBxdWFsc2V2b2wlMjBhdmFyaWElMjBxdWUlMjBlcyUyMGRldGVjdGUlMjBlbiUyMGVscyUyMGVxdWlwcyUyMGluc3RhbCVDMiVCN2xhdHMlMkMlMjBzaWd1ZW4lMjBlbiUyMHIlQzMlQThnaW0lMjBkZSUyMCUzQ3N0cm9uZyUzRWxsb2d1ZXIlMjBkZSUyMGdydXBzJTIwZWxlY3RyJUMzJUIyZ2VucyUzQyUyRnN0cm9uZyUzRSUyQyUyMG8lMjBzaSUyMHMlQzMlQjNuJTIwZGVsJTIwc2VydmljaSUyMGRlJTIwJTNDc3Ryb25nJTNFdmVuZGElMjBkZSUyMGdlbmVyYWRvcnMlMjBlbCVDMyVBOGN0cmljcyUzQyUyRnN0cm9uZyUzRS4lM0MlMkZwJTNFJTBBJTBBJTNDJTJGZGl2JTNFJTBBJTBBJTNDZGl2JTIwY2xhc3MlM0QlMjJsZWVybWFzJTIyJTNFJTNDc3BhbiUyMGNsYXNzJTNEJTIydHh0X2xlZXJtYXMlMjIlM0VMbGVnaXIlMjBtJUMzJUE5cyUzQyUyRnNwYW4lM0UlM0MlMkZkaXYlM0UlMEElMEElM0MlMkZkaXYlM0U=[\/vc_raw_html][\/vc_column][\/vc_row]<\/p>\n<\/div>","protected":false},"excerpt":{"rendered":"<p>[vc_row css_animation=&#8221;&#8221; row_type=&#8221;row&#8221; use_row_as_full_screen_section=&#8221;no&#8221; type=&#8221;grid&#8221; angled_section=&#8221;no&#8221; text_align=&#8221;left&#8221; background_image_as_pattern=&#8221;without_pattern&#8221; padding_top=&#8221;60&#8243; padding_bottom=&#8221;60&#8243; z_index=&#8221;&#8221;][vc_column width=&#8221;1\/2&#8243;][vc_empty_space][vc_column_text] Manteniment de grups electr\u00f2gens [\/vc_column_text][vc_separator type=&#8221;small&#8221; position=&#8221;center&#8221; color=&#8221;#000000&#8243; thickness=&#8221;2&#8243; up=&#8221;20&#8243;][vc_column_text] Confieu el manteniment del seu generador el\u00e8ctric i asseguri un correcte funcionament i un augment de la seva vida \u00fatil. Manteniments predictius, preventius&#8230;<\/p>\n","protected":false},"author":2,"featured_media":0,"parent":16930,"menu_order":0,"comment_status":"closed","ping_status":"closed","template":"full_width.php","meta":{"footnotes":""},"class_list":["post-16065","page","type-page","status-publish","hentry"],"_links":{"self":[{"href":"https:\/\/www.electrogrup.es\/ca\/wp-json\/wp\/v2\/pages\/16065","targetHints":{"allow":["GET"]}}],"collection":[{"href":"https:\/\/www.electrogrup.es\/ca\/wp-json\/wp\/v2\/pages"}],"about":[{"href":"https:\/\/www.electrogrup.es\/ca\/wp-json\/wp\/v2\/types\/page"}],"author":[{"embeddable":true,"href":"https:\/\/www.electrogrup.es\/ca\/wp-json\/wp\/v2\/users\/2"}],"replies":[{"embeddable":true,"href":"https:\/\/www.electrogrup.es\/ca\/wp-json\/wp\/v2\/comments?post=16065"}],"version-history":[{"count":13,"href":"https:\/\/www.electrogrup.es\/ca\/wp-json\/wp\/v2\/pages\/16065\/revisions"}],"predecessor-version":[{"id":23619,"href":"https:\/\/www.electrogrup.es\/ca\/wp-json\/wp\/v2\/pages\/16065\/revisions\/23619"}],"up":[{"embeddable":true,"href":"https:\/\/www.electrogrup.es\/ca\/wp-json\/wp\/v2\/pages\/16930"}],"wp:attachment":[{"href":"https:\/\/www.electrogrup.es\/ca\/wp-json\/wp\/v2\/media?parent=16065"}],"curies":[{"name":"wp","href":"https:\/\/api.w.org\/{rel}","templated":true}]}}