{"id":16155,"date":"2018-02-07T12:27:05","date_gmt":"2018-02-07T12:27:05","guid":{"rendered":"https:\/\/www.electrogrup.es\/utilidades\/"},"modified":"2021-04-14T14:35:23","modified_gmt":"2021-04-14T14:35:23","slug":"utilitats","status":"publish","type":"page","link":"https:\/\/www.electrogrup.es\/ca\/utilitats\/","title":{"rendered":"Utilitats"},"content":{"rendered":"<div class=\"wpb-content-wrapper\"><p>[vc_row css_animation=&#8221;&#8221; row_type=&#8221;row&#8221; use_row_as_full_screen_section=&#8221;no&#8221; type=&#8221;full_width&#8221; angled_section=&#8221;no&#8221; text_align=&#8221;left&#8221; background_image_as_pattern=&#8221;without_pattern&#8221;][vc_column][vc_column_text]<\/p>\n<h2>Fitxes de seguretat en el treball amb grups electr\u00f2gens:<\/h2>\n<p>&nbsp;<\/p>\n<ol style=\"margin-left: 50px;\">\n<li><a title=\"Consideracions Generals sobre el Grup Electr\u00f2gen Portatil\" href=\"https:\/\/www.electrogrup.es\/wp-content\/uploads\/2018\/02\/071024174236_39B_GrupoElectrogenoPortatil.pdf\" target=\"_blank\" rel=\"noopener\">Consideracions Generals sobre el Grup Electr\u00f2gen Portatil.<\/a><\/li>\n<li><a title=\"Consideracions Generals sobre el Grup Electr\u00f2gen Carro\u00e7at\" href=\"https:\/\/www.electrogrup.es\/wp-content\/uploads\/2018\/02\/071024174236_40B_GrupoElectrogenoCarrozado.pdf\" target=\"_blank\" rel=\"noopener\">Consideracions Generals sobre el Grup Electr\u00f2gen Carro\u00e7at.<\/a><\/li>\n<li><a title=\"Consiceracions Generals sobre la Torre de Iluminaci\u00f3\" href=\"https:\/\/www.electrogrup.es\/wp-content\/uploads\/2018\/02\/071024174236_41B_TorreIluminacion.pdf\" target=\"_blank\" rel=\"noopener\">Consiceracions Generals sobre la Torre de Iluminaci\u00f3.<\/a><\/li>\n<li><a title=\"Taula de Treball amb grup electr\u00f2gens\" href=\"https:\/\/www.electrogrup.es\/wp-content\/uploads\/2018\/02\/TABLA-CONSUMOS-GE-WEB.pdf\" target=\"_blank\" rel=\"noopener\">Taula de Treball amb grup electr\u00f2gens.<\/a><\/li>\n<\/ol>\n<p>[\/vc_column_text][\/vc_column][\/vc_row][vc_row css_animation=&#8221;&#8221; row_type=&#8221;row&#8221; use_row_as_full_screen_section=&#8221;no&#8221; type=&#8221;full_width&#8221; angled_section=&#8221;no&#8221; text_align=&#8221;left&#8221; background_image_as_pattern=&#8221;without_pattern&#8221; padding_top=&#8221;45&#8243; padding_bottom=&#8221;45&#8243; z_index=&#8221;&#8221;][vc_column][vc_column_text]<\/p>\n<h3 style=\"text-align: center;\"><strong>Consulti\u2019ns per a qualsevol aclariment, estem sempre a la seva disposici\u00f3 per ajudar a triar la millor opci\u00f3.<\/strong><\/h3>\n<p>[\/vc_column_text][\/vc_column][\/vc_row]<\/p>\n<\/div>","protected":false},"excerpt":{"rendered":"<p>[vc_row css_animation=&#8221;&#8221; row_type=&#8221;row&#8221; use_row_as_full_screen_section=&#8221;no&#8221; type=&#8221;full_width&#8221; angled_section=&#8221;no&#8221; text_align=&#8221;left&#8221; background_image_as_pattern=&#8221;without_pattern&#8221;][vc_column][vc_column_text] Fitxes de seguretat en el treball amb grups electr\u00f2gens: &nbsp; Consideracions Generals sobre el Grup Electr\u00f2gen Portatil. Consideracions Generals sobre el Grup Electr\u00f2gen Carro\u00e7at. Consiceracions Generals sobre la Torre de Iluminaci\u00f3. Taula de Treball amb grup electr\u00f2gens&#8230;.<\/p>\n","protected":false},"author":2,"featured_media":0,"parent":0,"menu_order":0,"comment_status":"closed","ping_status":"closed","template":"","meta":{"footnotes":""},"class_list":["post-16155","page","type-page","status-publish","hentry"],"_links":{"self":[{"href":"https:\/\/www.electrogrup.es\/ca\/wp-json\/wp\/v2\/pages\/16155","targetHints":{"allow":["GET"]}}],"collection":[{"href":"https:\/\/www.electrogrup.es\/ca\/wp-json\/wp\/v2\/pages"}],"about":[{"href":"https:\/\/www.electrogrup.es\/ca\/wp-json\/wp\/v2\/types\/page"}],"author":[{"embeddable":true,"href":"https:\/\/www.electrogrup.es\/ca\/wp-json\/wp\/v2\/users\/2"}],"replies":[{"embeddable":true,"href":"https:\/\/www.electrogrup.es\/ca\/wp-json\/wp\/v2\/comments?post=16155"}],"version-history":[{"count":3,"href":"https:\/\/www.electrogrup.es\/ca\/wp-json\/wp\/v2\/pages\/16155\/revisions"}],"predecessor-version":[{"id":16160,"href":"https:\/\/www.electrogrup.es\/ca\/wp-json\/wp\/v2\/pages\/16155\/revisions\/16160"}],"wp:attachment":[{"href":"https:\/\/www.electrogrup.es\/ca\/wp-json\/wp\/v2\/media?parent=16155"}],"curies":[{"name":"wp","href":"https:\/\/api.w.org\/{rel}","templated":true}]}}