{"id":16250,"date":"2018-02-12T08:02:58","date_gmt":"2018-02-12T08:02:58","guid":{"rendered":"https:\/\/www.electrogrup.es\/aviso-legal\/"},"modified":"2021-04-14T14:35:38","modified_gmt":"2021-04-14T14:35:38","slug":"avis-legal","status":"publish","type":"page","link":"https:\/\/www.electrogrup.es\/ca\/avis-legal\/","title":{"rendered":"Av\u00eds Legal"},"content":{"rendered":"<p class=\"ayuda-epigraph noborder\"><strong>1. DATOS DE IDENTIFICACI\u00d3N<\/strong><\/p>\n<p class=\"ayuda-txt\">Usted est\u00e1 visitando la p\u00e1gina Web www.electrogrup.es titularidad de Electrogrup Generadores y Gr\u00faas Miralles, S.L (en adelante LA COMPA\u00d1\u00cdA).<\/p>\n<div class=\"contacto\">\n<p><small>Domicilio Social: Cam\u00ed l\u00b4Alcora, s\/n,\u00a0Pol. Ind. Pla de Museros,\u00a012550 Almassora, Castell\u00f3<\/small><\/p>\n<p><small>Tel\u00e9fono: 964 20 10 20<\/small><\/p>\n<p><small>E-mail: <a class=\"ayuda-link\" href=\"mailto:info@electrogrup.net\">info@electrogrup.net<\/a><\/small><\/p>\n<\/div>\n<p class=\"ayuda-epigraph noborder margint20\"><strong>2. ACEPTACI\u00d3N DEL USUARIO<\/strong><\/p>\n<p class=\"ayuda-txt\">Este Aviso Legal regula el acceso y utilizaci\u00f3n de la p\u00e1gina web www.lavanguardia.com (en adelante la \u201cWeb\u201d) que LA COMPA\u00d1\u00cdA pone a disposici\u00f3n de los usuarios de Internet. Se entiende por usuario la persona que acceda, navegue, utilice o participe en los servicios y actividades de la Web.<\/p>\n<p class=\"ayuda-txt\">El acceso y navegaci\u00f3n de un usuario por la Web implica la aceptaci\u00f3n sin reservas del presente Aviso Legal.<\/p>\n<p class=\"ayuda-txt\">LA COMPA\u00d1\u00cdA puede ofrecer a trav\u00e9s de la p\u00e1gina web servicios que podr\u00e1n encontrarse sometidos a unas condiciones particulares propias sobre las cuales se informar\u00e1 al Usuario en cada caso concreto.<\/p>\n<p class=\"ayuda-epigraph noborder margint20\"><strong>3. UTILIZACI\u00d3N DE LA WEB<\/strong><\/p>\n<p class=\"ayuda-txt\">3.1. El usuario se compromete a utilizar la Web, los contenidos y servicios de conformidad con la Ley, el presente Aviso Legal, las buenas costumbres y el orden p\u00fablico. Del mismo modo el Usuario se obliga a no utilizar la Web o los servicios que se presten a trav\u00e9s de \u00e9l con fines o efectos il\u00edcitos o contrarios al contenido del presente Aviso Legal, lesivos de los intereses o derechos de terceros, o que de cualquier forma pueda da\u00f1ar, inutilizar o deteriorar la Web o sus servicios o impedir un normal disfrute de la Web por otros Usuarios.<\/p>\n<p class=\"ayuda-txt\">3.2. El usuario se compromete expresamente a no destruir, alterar, inutilizar o, de cualquier otra forma, da\u00f1ar los datos, programas o documentos electr\u00f3nicos y dem\u00e1s que se encuentren en la Web.<\/p>\n<p class=\"ayuda-txt\">3.3. El usuario se compromete a no obstaculizar el acceso a otros usuarios al servicio de acceso mediante el consumo masivo de los recursos inform\u00e1ticos a trav\u00e9s de los cuales LA COMPA\u00d1\u00cdA presta el servicio, as\u00ed como realizar acciones que da\u00f1en, interrumpan o generen errores en dichos sistemas o servicios.<\/p>\n<p class=\"ayuda-txt\">3.4. El usuario se compromete a no introducir programas, virus, macros, applets, controles ActiveX o cualquier otro dispositivo l\u00f3gico o secuencia de caracteres que causen o sean susceptibles de causar cualquier tipo de alteraci\u00f3n en los sistemas inform\u00e1ticos de LA COMPA\u00d1\u00cdA o de terceros.<\/p>\n<p class=\"ayuda-txt\">3.5. El usuario se compromete a no obtener informaciones, mensajes, gr\u00e1ficos, dibujos, archivos de sonido y\/o imagen, fotograf\u00edas, grabaciones, software y en general, cualquier clase de material accesible a trav\u00e9s de la Web o de los servicios ofrecidos en el mismo.<\/p>\n<p class=\"ayuda-txt\">3.6. Se entiende que el acceso o utilizaci\u00f3n de la Web por parte del usuario implica la aceptaci\u00f3n por \u00e9ste del Aviso Legal que LA COMPA\u00d1\u00cdA tenga publicadas en el momento del acceso, las cuales estar\u00e1n siempre disponibles para los usuarios.<\/p>\n<p class=\"ayuda-txt\">3.7. El usuario se compromete a hacer un uso adecuado de los contenidos y servicios (como por ejemplo los comentarios, foros de opini\u00f3n o p\u00e1ginas abiertas al lector) que LA COMPA\u00d1\u00cdA ofrece en su sede Web y a no emplearlos para incurrir en actividades il\u00edcitas o contrarias a la buena fe y al ordenamiento legal; difundir contenidos o propaganda de car\u00e1cter racista, xen\u00f3fobo, pornogr\u00e1fico-ilegal, de apolog\u00eda del terrorismo o atentatorio contra los derechos humanos.<\/p>\n<p class=\"ayuda-epigraph noborder margint20\"><strong>4. ACCESO A LA WEB Y CONTRASE\u00d1AS<\/strong><\/p>\n<p class=\"ayuda-txt\">4.1. El acceso a la Web por parte de los usuarios tiene car\u00e1cter libre y gratuito. Algunos de los servicios y contenidos ofrecidos por LA COMPA\u00d1\u00cdA pueden encontrarse sujetos a contrataci\u00f3n previa del servicio y al pago de una cantidad de dinero en la forma que se determine en las Condiciones Generales de Contrataci\u00f3n, en cuyo caso se pondr\u00e1n a su disposici\u00f3n de forma clara.<\/p>\n<p class=\"ayuda-txt\">4.2. Cuando sea necesario que el usuario se registre o aporte datos personales para poder acceder a alguno de los servicios, la recogida y el tratamiento de los datos personales de los usuarios ser\u00e1 de aplicaci\u00f3n lo dispuesto en el apartado 9 de este Aviso Legal, as\u00ed como lo dispuesto en las Condiciones de Registro.<\/p>\n<p class=\"ayuda-txt\">4.3. Queda prohibida la contrataci\u00f3n de productos o servicios a trav\u00e9s de la Web por parte de menores de edad, debiendo obtener debidamente y con anterioridad, el consentimiento de sus padres, tutores o representantes legales, los cuales ser\u00e1n considerados como responsables de los actos que lleven a cabo los menores a su cargo.<\/p>\n<p class=\"ayuda-txt\">4.4. Si para la utilizaci\u00f3n de un servicio en la Web, el usuario debiera proceder a su registro, \u00e9ste ser\u00e1 responsable de aportar informaci\u00f3n veraz y l\u00edcita. Si como consecuencia del registro, se dotar\u00e1 al usuario de una contrase\u00f1a, \u00e9ste se compromete a hacer un uso diligente y a mantener en secreto la contrase\u00f1a para acceder a estos servicios. Los usuarios son responsables de la adecuada custodia y confidencialidad de cualesquiera identificadores y\/o contrase\u00f1as que le sean suministradas por LA COMPA\u00d1\u00cdA y se comprometen a no ceder su uso a terceros, ya sea temporal o permanente, ni a permitir su acceso a personas ajenas. Ser\u00e1 responsabilidad del usuario la utilizaci\u00f3n de los servicios por cualquier tercero ileg\u00edtimo que emplee a tal efecto una contrase\u00f1a a causa de una utilizaci\u00f3n no diligente o de la p\u00e9rdida de la misma por el usuario.<\/p>\n<p class=\"ayuda-txt\">4.5. El usuario est\u00e1 obligado a notificar de forma inmediata a LA COMPA\u00d1\u00cdA cualquier hecho que permita el uso indebido de los identificadores y\/o contrase\u00f1as, tales como el robo, extrav\u00edo, o el acceso no autorizado a los mismos, con el fin de proceder a su inmediata cancelaci\u00f3n. Mientras no se comuniquen tales hechos, LA COMPA\u00d1\u00cdA quedar\u00e1 eximida de cualquier responsabilidad que pudiera derivarse del uso indebido de los identificadores y\/o contrase\u00f1as por terceros no autorizados.<\/p>\n<p class=\"ayuda-epigraph noborder margint20\"><strong>5. MODIFICACI\u00d3N DE LAS CONDICIONES DEL AVISO LEGAL<\/strong><\/p>\n<p class=\"ayuda-txt\">LA COMPA\u00d1\u00cdA se reserva expresamente el derecho a modificar el presente Aviso Legal. El usuario reconoce y acepta que es su responsabilidad revisar la Web y el presente Aviso Legal.<\/p>\n<p class=\"ayuda-epigraph noborder margint20\"><strong>6. LIMITACI\u00d3N DE GARANT\u00cdAS Y RESPONSABILIDADES<\/strong><\/p>\n<p class=\"ayuda-txt\">6.1. LA COMPA\u00d1\u00cdA se compromete a realizar sus mejores esfuerzos para evitar cualquier error en los contenidos que pudieran aparecer en la Web. En cualquier caso, LA COMPA\u00d1\u00cdA estar\u00e1 exenta de cualquier responsabilidad derivada de eventuales errores en los contenidos que pudieran aparecer en la Web, siempre que no le sean imputables.<\/p>\n<p class=\"ayuda-txt\">6.2. LA COMPA\u00d1\u00cdA no garantiza que la Web y el servidor est\u00e9n libres de virus y no se hace responsable de los posibles da\u00f1os o perjuicios que se puedan derivar de interferencias, omisiones, interrupciones, virus inform\u00e1ticos, aver\u00edas telef\u00f3nicas o desconexiones en el funcionamiento operativo de este sistema electr\u00f3nico, motivado por causas ajenas a LA COMPA\u00d1\u00cdA, de retrasos o bloqueos en el uso de este sistema electr\u00f3nico causados por deficiencias de l\u00edneas telef\u00f3nicas o sobrecargas en el sistema de Internet o en otros sistemas electr\u00f3nicos, as\u00ed como tambi\u00e9n de da\u00f1os que puedan ser causados por terceras personas mediante intromisiones ileg\u00edtimas fuera del control de LA COMPA\u00d1\u00cdA.<\/p>\n<p class=\"ayuda-epigraph noborder margint20\"><strong>7. PROPIEDAD INTELECTUAL E INDUSTRIAL. TODOS LOS DERECHOS RESERVADOS.<\/strong><\/p>\n<p class=\"ayuda-txt\">7.1. Todos los derechos de Propiedad Industrial e Intelectual de la Web www.lavanguardia.com y de sus contenidos (textos, im\u00e1genes, sonidos, audio, v\u00eddeo, dise\u00f1os, creatividades, software) pertenecen, como autor de obra colectiva o como cesionaria, a LA COMPA\u00d1\u00cdA o, en su caso, a terceras personas.<\/p>\n<p class=\"ayuda-txt\">7.2. Quedan expresamente prohibidas la reproducci\u00f3n, la distribuci\u00f3n y la comunicaci\u00f3n p\u00fablica, incluida su modalidad de puesta a disposici\u00f3n, de la totalidad o parte de los contenidos de esta p\u00e1gina Web, con fines comerciales, en cualquier soporte y por cualquier medio t\u00e9cnico, sin la autorizaci\u00f3n de LA COMPA\u00d1\u00cdA. El usuario se compromete a respetar los derechos de Propiedad Industrial e Intelectual titularidad de LA COMPA\u00d1\u00cdA y de terceros.<\/p>\n<p class=\"ayuda-txt\">7.4. El usuario puede visualizar todos los elementos, imprimirlos, copiarlos y almacenarlos en el disco duro de su ordenador o en cualquier otro soporte f\u00edsico siempre y cuando sea, \u00fanica y exclusivamente, para su uso personal y privado, quedando, por tanto, terminantemente prohibida su utilizaci\u00f3n con fines comerciales, su distribuci\u00f3n, as\u00ed como su modificaci\u00f3n, alteraci\u00f3n o descompilaci\u00f3n.<\/p>\n<p class=\"ayuda-txt\">7.5. LA COMPA\u00d1\u00cdA proporciona el acceso a todo tipo de informaciones, servicios, programas o datos en Internet que pueden pertenecer a terceras personas, en cuyo caso LA COMPA\u00d1\u00cdA no se hace responsable de dichos contenidos ni de cuantas reclamaciones puedan derivarse de la calidad, fiabilidad, exactitud o correcci\u00f3n de los mismos.<\/p>\n<p class=\"ayuda-epigraph noborder margint20\"><strong>8. ENLACES DE TERCEROS<\/strong><\/p>\n<p class=\"ayuda-txt\">8.1. En el supuesto de que en la Web se dispusieran enlaces o hiperv\u00ednculos hacia otros lugares de Internet, LA COMPA\u00d1\u00cdA no ejercer\u00e1 ning\u00fan tipo de control sobre estos lugares y contenidos. En ning\u00fan caso LA COMPA\u00d1\u00cdA asumir\u00e1 responsabilidad alguna por los contenidos de alg\u00fan enlace perteneciente a un lugar Web ajeno, ni garantizar\u00e1 la disponibilidad t\u00e9cnica, calidad, fiabilidad, exactitud, amplitud, veracidad, validez y constitucionalidad de cualquier material o informaci\u00f3n contenida en cabeza de los hiperv\u00ednculos u otros lugares de Internet.<\/p>\n<p class=\"ayuda-txt\">8.2. Estos enlaces se proporcionan \u00fanicamente para informar al Usuario sobre la existencia de otras fuentes de informaci\u00f3n sobre un tema concreto, y la inclusi\u00f3n de un enlace no implica la aprobaci\u00f3n de la p\u00e1gina web enlazada por parte de LA COMPA\u00d1\u00cdA.<\/p>\n<p class=\"ayuda-txt\">8.3. LA COMPA\u00d1\u00cdA tan s\u00f3lo autoriza menciones a sus contenidos en otras sedes Web, con el tratamiento que \u00e9stas consideren siempre que sea respetuoso, cumpla la legislaci\u00f3n vigente y en ning\u00fan caso reproduzcan, sin la debida autorizaci\u00f3n, los contenidos de LA COMPA\u00d1\u00cdA.<\/p>\n<p class=\"ayuda-epigraph noborder margint20\"><strong>9. PROTECCI\u00d3N DE DATOS PERSONALES<\/strong><\/p>\n<p class=\"ayuda-txt\">9.1. LA COMPA\u00d1\u00cdA adopta las medidas t\u00e9cnicas y organizativas necesarias para garantizar la protecci\u00f3n de los datos de car\u00e1cter personal y evitar su alteraci\u00f3n, p\u00e9rdida, tratamiento y\/o acceso no autorizado, habida cuenta del estado de la t\u00e9cnica, la naturaleza de los datos almacenados y los riesgos a que est\u00e1n expuestos, todo ello, conforme a lo establecido por la legislaci\u00f3n espa\u00f1ola de Protecci\u00f3n de Datos de Car\u00e1cter Personal.<\/p>\n<p class=\"ayuda-txt\">9.2. El usuario podr\u00e1 remitir a LA COMPA\u00d1\u00cdA sus datos de car\u00e1cter personal a trav\u00e9s de los distintos formularios que a tal efecto aparecen en la Web. Dichos formularios incorporan un texto legal en materia de protecci\u00f3n de datos personales que da cumplimiento a las exigencias establecidas en la Ley Org\u00e1nica 15\/1999, de 13 de diciembre, de Protecci\u00f3n de Datos de Car\u00e1cter Personal, y en su Reglamento de Desarrollo, aprobado por el Real Decreto 1720\/2007, de 21 de diciembre.<\/p>\n<p class=\"ayuda-txt\">9.3. Rogamos lea atentamente los textos legales antes de facilitar sus datos de car\u00e1cter personal.<\/p>\n<p class=\"ayuda-epigraph noborder margint20\"><strong>10. LEY Y JURISDICCI\u00d3N<\/strong><\/p>\n<p class=\"ayuda-txt\">Todas las cuestiones que se susciten entre LA COMPA\u00d1\u00cdA y el usuario relativas a la interpretaci\u00f3n, cumplimiento y validez del presente Aviso Legal se regir\u00e1n por sus propias cl\u00e1usulas y, en lo que en ellas no estuviere previsto, de acuerdo con la legislaci\u00f3n espa\u00f1ola, someti\u00e9ndose expresamente las partes a la jurisdicci\u00f3n de los Juzgados y Tribunales del domicilio de LA COMPA\u00d1IA.<\/p>\n","protected":false},"excerpt":{"rendered":"<p>1. DATOS DE IDENTIFICACI\u00d3N Usted est\u00e1 visitando la p\u00e1gina Web www.electrogrup.es titularidad de Electrogrup Generadores y Gr\u00faas Miralles, S.L (en adelante LA COMPA\u00d1\u00cdA). Domicilio Social: Cam\u00ed l\u00b4Alcora, s\/n,\u00a0Pol. Ind. Pla de Museros,\u00a012550 Almassora, Castell\u00f3 Tel\u00e9fono: 964 20 10 20 E-mail: info@electrogrup.net 2. ACEPTACI\u00d3N DEL USUARIO&#8230;<\/p>\n","protected":false},"author":2,"featured_media":0,"parent":0,"menu_order":0,"comment_status":"closed","ping_status":"closed","template":"","meta":{"footnotes":""},"class_list":["post-16250","page","type-page","status-publish","hentry"],"_links":{"self":[{"href":"https:\/\/www.electrogrup.es\/ca\/wp-json\/wp\/v2\/pages\/16250","targetHints":{"allow":["GET"]}}],"collection":[{"href":"https:\/\/www.electrogrup.es\/ca\/wp-json\/wp\/v2\/pages"}],"about":[{"href":"https:\/\/www.electrogrup.es\/ca\/wp-json\/wp\/v2\/types\/page"}],"author":[{"embeddable":true,"href":"https:\/\/www.electrogrup.es\/ca\/wp-json\/wp\/v2\/users\/2"}],"replies":[{"embeddable":true,"href":"https:\/\/www.electrogrup.es\/ca\/wp-json\/wp\/v2\/comments?post=16250"}],"version-history":[{"count":4,"href":"https:\/\/www.electrogrup.es\/ca\/wp-json\/wp\/v2\/pages\/16250\/revisions"}],"predecessor-version":[{"id":16357,"href":"https:\/\/www.electrogrup.es\/ca\/wp-json\/wp\/v2\/pages\/16250\/revisions\/16357"}],"wp:attachment":[{"href":"https:\/\/www.electrogrup.es\/ca\/wp-json\/wp\/v2\/media?parent=16250"}],"curies":[{"name":"wp","href":"https:\/\/api.w.org\/{rel}","templated":true}]}}