{"id":16636,"date":"2020-11-03T09:10:28","date_gmt":"2020-11-03T09:10:28","guid":{"rendered":"https:\/\/www.electrogrup.es\/politica-de-privacidad\/"},"modified":"2021-04-14T14:35:15","modified_gmt":"2021-04-14T14:35:15","slug":"politica-de-privacidad","status":"publish","type":"page","link":"https:\/\/www.electrogrup.es\/ca\/politica-de-privacidad\/","title":{"rendered":"Pol\u00edtica de privacidad"},"content":{"rendered":"<div class=\"wpb-content-wrapper\"><p>[vc_row css_animation=&#8221;&#8221; row_type=&#8221;row&#8221; use_row_as_full_screen_section=&#8221;no&#8221; type=&#8221;full_width&#8221; angled_section=&#8221;no&#8221; text_align=&#8221;left&#8221; background_image_as_pattern=&#8221;without_pattern&#8221; padding_bottom=&#8221;60&#8243; z_index=&#8221;&#8221;][vc_column][vc_column_text]<\/p>\n<p style=\"text-align: justify;\">En cumplimiento de lo dispuesto en el art\u00edculo 5 de la Ley Org\u00e1nica 15\/1999 de Protecci\u00f3n de Datos de Car\u00e1cter Personal, le informamos que sus datos de car\u00e1cter personal podr\u00e1n ser incorporados a un fichero denominado CLIENTES del que es responsable\u00a0Electrogrup Generadores y Gr\u00faas Miralles, S.L.\u00a0(en adelante Electrogrup).<\/p>\n<p style=\"text-align: justify;\">Estos datos de car\u00e1cter personal son recogidos para la adecuada prestaci\u00f3n de los servicios que usted demanda y tiene como finalidad la gesti\u00f3n de los mismos, env\u00edo de publicidad sobre nuestras actividades y servicios y usted consiente expresamente en el tratamiento de los mismos. Los destinatarios de esta informaci\u00f3n s\u00f3lo y exclusivamente ser\u00e1n los trabajadores de nuestra empresa.<\/p>\n<p style=\"text-align: justify;\">Nuestra empresa tiene implantadas las medidas de \u00edndole t\u00e9cnica y organizativas necesarias para garantizar la seguridad, confidencialidad e integridad de los datos de car\u00e1cter personal que trata.<\/p>\n<p style=\"text-align: justify;\">Sus datos no ser\u00e1n cedidos a terceros sin que conste expresamente su consentimiento, salvo aquellos supuestos legalmente establecidos.<\/p>\n<p style=\"text-align: justify;\">Igualmente sus datos no se destinar\u00e1n a fines distintos de aqu\u00e9llos para los que han sido recabados.<\/p>\n<p style=\"text-align: justify;\">Finalizada su relaci\u00f3n contractual con la empresa, ser\u00e1n cancelados en las condiciones establecidas en la legislaci\u00f3n vigente.<\/p>\n<p style=\"text-align: justify;\">Por \u00faltimo le informamos de que puede ejercitar los derechos de acceso, rectificaci\u00f3n, cancelaci\u00f3n, oposici\u00f3n e impugnaci\u00f3n de valoraciones en los t\u00e9rminos previstos en la Ley Org\u00e1nica 15\/99 y normativa de desarrollo y por los procedimientos definidos al efecto por esta empresa.<\/p>\n<p style=\"text-align: justify;\">Si desea ejercer su derecho de acceso, rectificaci\u00f3n, cancelaci\u00f3n, oposici\u00f3n e impugnaci\u00f3n env\u00edenos un e-mail a\u00a0<strong>info@electrogrup.es<\/strong>\u00a0especificando el asunto, o por correo ordinario a la direcci\u00f3n del encabezado.<\/p>\n<p style=\"text-align: justify;\">En caso necesario, podremos solicitarle copia de su DNI, pasaporte u otro documento v\u00e1lido que lo identifique. En el caso de que decidiese ejercer dichos derechos y que como parte de los datos personales que nos hubiera facilitado conste el correo electr\u00f3nico le agradecer\u00edamos que en la mencionada comunicaci\u00f3n se hiciera constar espec\u00edficamente esa circunstancia indicando la direcci\u00f3n de correo electr\u00f3nico respecto de la que se ejercitan los derechos de acceso, rectificaci\u00f3n, cancelaci\u00f3n y oposici\u00f3n.<\/p>\n<p>[\/vc_column_text][\/vc_column][\/vc_row]<\/p>\n<\/div>","protected":false},"excerpt":{"rendered":"<p>[vc_row css_animation=&#8221;&#8221; row_type=&#8221;row&#8221; use_row_as_full_screen_section=&#8221;no&#8221; type=&#8221;full_width&#8221; angled_section=&#8221;no&#8221; text_align=&#8221;left&#8221; background_image_as_pattern=&#8221;without_pattern&#8221; padding_bottom=&#8221;60&#8243; z_index=&#8221;&#8221;][vc_column][vc_column_text] En cumplimiento de lo dispuesto en el art\u00edculo 5 de la Ley Org\u00e1nica 15\/1999 de Protecci\u00f3n de Datos de Car\u00e1cter Personal, le informamos que sus datos de car\u00e1cter personal podr\u00e1n ser incorporados a un fichero&#8230;<\/p>\n","protected":false},"author":2,"featured_media":0,"parent":0,"menu_order":0,"comment_status":"closed","ping_status":"closed","template":"","meta":{"footnotes":""},"class_list":["post-16636","page","type-page","status-publish","hentry"],"_links":{"self":[{"href":"https:\/\/www.electrogrup.es\/ca\/wp-json\/wp\/v2\/pages\/16636","targetHints":{"allow":["GET"]}}],"collection":[{"href":"https:\/\/www.electrogrup.es\/ca\/wp-json\/wp\/v2\/pages"}],"about":[{"href":"https:\/\/www.electrogrup.es\/ca\/wp-json\/wp\/v2\/types\/page"}],"author":[{"embeddable":true,"href":"https:\/\/www.electrogrup.es\/ca\/wp-json\/wp\/v2\/users\/2"}],"replies":[{"embeddable":true,"href":"https:\/\/www.electrogrup.es\/ca\/wp-json\/wp\/v2\/comments?post=16636"}],"version-history":[{"count":1,"href":"https:\/\/www.electrogrup.es\/ca\/wp-json\/wp\/v2\/pages\/16636\/revisions"}],"predecessor-version":[{"id":16982,"href":"https:\/\/www.electrogrup.es\/ca\/wp-json\/wp\/v2\/pages\/16636\/revisions\/16982"}],"wp:attachment":[{"href":"https:\/\/www.electrogrup.es\/ca\/wp-json\/wp\/v2\/media?parent=16636"}],"curies":[{"name":"wp","href":"https:\/\/api.w.org\/{rel}","templated":true}]}}